{"id":36802,"date":"2025-05-13T08:00:00","date_gmt":"2025-05-13T12:00:00","guid":{"rendered":"https:\/\/blog.howlanders.com\/alojamiento-torres-del-paine\/"},"modified":"2025-11-28T16:19:34","modified_gmt":"2025-11-28T15:19:34","slug":"unterkunft-in-torres-del-paine","status":"publish","type":"page","link":"https:\/\/blog.howlanders.com\/de\/unterkunft-in-torres-del-paine\/","title":{"rendered":"Unterkunft in Torres del Paine"},"content":{"rendered":"\n<p>Die Unterbringung in Torres del Paine kann in Schutzh\u00fctten, auf Campingpl\u00e4tzen oder beidem erfolgen. Je nach der Route, die Sie nehmen, und Ihren Interessen oder Bed\u00fcrfnissen, werden Sie in der einen oder anderen Unterkunft \u00fcbernachten. In diesem Blog erz\u00e4hlen wir Ihnen alles \u00fcber die H\u00fctten und Campingpl\u00e4tze in Torres del Paine, basierend auf unseren Erfahrungen.<\/p>\n\n\n\n<p>Zun\u00e4chst ist es wichtig, vor der Wahl deiner bevorzugten Unterkunftsart im <strong>Torres del Paine<\/strong> zu verstehen, dass der Nationalpark Torres del Paine in der chilenischen Patagonien in mehrere Hauptsektoren unterteilt ist, von denen jeder spezifische Eigenschaften und einzigartige Attraktionen bietet. Diese Sektoren sind entscheidend f\u00fcr die Organisation und Planung deines Besuchs im Park \u2013 sei es zum Wandern, um die Natur zu genie\u00dfen oder f\u00fcr l\u00e4ngere Ausfl\u00fcge. Nachfolgend stellen wir dir die verschiedenen Sektoren vor:<\/p>\n\n\n\n<h3 class=\"wp-block-heading\"><strong>Sektoren:<\/strong><\/h3>\n\n\n\n<ul class=\"wp-block-list\">\n<li>Sektor Ser\u00f3n<\/li>\n\n\n\n<li>Sektor Dickson<\/li>\n\n\n\n<li>Sektor Los Perros<\/li>\n\n\n\n<li>Sektor Grey<\/li>\n\n\n\n<li>Sektor Paine Grande<\/li>\n\n\n\n<li>Sektor Franc\u00e9s<\/li>\n\n\n\n<li>Sektor Cuernos<\/li>\n\n\n\n<li>Sektor Chileno<\/li>\n\n\n\n<li>Sektor Central<\/li>\n<\/ul>\n\n\n\n<p>In jedem dieser Sektoren gibt es sowohl <strong>Campingpl\u00e4tze<\/strong> als auch <strong>Refugios<\/strong> \u2013 mit Ausnahme der Sektoren Chileno, Los Perros und Ser\u00f3n, die ausschlie\u00dflich \u00fcber Campingpl\u00e4tze verf\u00fcgen.<\/p>\n\n\n\n<p>Die Refugios verf\u00fcgen \u00fcber gro\u00dfz\u00fcgige Gemeinschaftsbereiche, eine Bar und ein Esszimmer, die auch von den G\u00e4sten der Campingpl\u00e4tze genutzt werden k\u00f6nnen. Die Schlafr\u00e4ume sind in der Regel mit etwa sechs Personen belegt und bieten bequeme Betten, Leselampen und Steckdosen direkt am Bett.<\/p>\n\n\n\n<p>Wenn du dich hingegen f\u00fcr eine \u00dcbernachtung auf dem Campingplatz entscheidest, ist bei deiner Ankunft bereits alles vorbereitet \u2013 du musst also keine Campingausr\u00fcstung im Rucksack mitbringen.<\/p>\n\n\n\n<p>Es gibt zwei Arten von Campingpl\u00e4tzen im Park:<br>Einige haben Zelte, die auf Holzplattformen aufgebaut sind, andere bieten sogenanntes &#8222;Glamping&#8220; \u2013 ger\u00e4umige Zelte, die vom Boden abgehoben sind und jenen \u00e4hneln, die man bei Safaris auf 4&#215;4-Fahrzeugen sieht.<br>Alle Campingpl\u00e4tze verf\u00fcgen \u00fcber eigene Toiletten, Duschen (mit eingeschr\u00e4nkten Nutzungszeiten) und eine Gemeinschaftsk\u00fcche. Allerdings sind in unseren <a href=\"https:\/\/www.howlanders.com\/de\/touren-chile\/puerto-natales\" target=\"_blank\" rel=\"noreferrer noopener\">Routen durch den Torres del Paine<\/a> alle Mahlzeiten inbegriffen, sodass du dir ums Kochen keine Sorgen machen musst.<\/p>\n\n\n\n<p>Nachfolgend findest du die Refugios und Campingpl\u00e4tze, die wir w\u00e4hrend unserer Reise im Torres del Paine besucht haben:<\/p>\n\n\n\n<h3 class=\"wp-block-heading\"><strong>Unterkunft in Refugios im Torres del Paine<\/strong><\/h3>\n\n\n\n<p>In den Refugios verf\u00fcgen die Zimmer \u00fcber 4 oder 6 Betten \u2013 mit Ausnahme des Domos Franc\u00e9s, wo jedes Zimmer 8 Betten hat.<br>Alle Refugios bieten Zugang zu Badezimmern, hei\u00dfen Duschen und Gemeinschaftsbereichen, in denen man essen kann. In den Refugios gibt es zudem die M\u00f6glichkeit, vor Ort kostenpflichtiges WLAN zu nutzen.<\/p>\n\n\n\n<p class=\"has-text-align-justify\">Nach deiner t\u00e4glichen Wanderung hast du bis zum Abendessen Freizeit und kannst in den Gemeinschaftsbereichen andere Reisende kennenlernen. Manche G\u00e4ste nutzen die Zeit f\u00fcr einen Spaziergang in der Umgebung, andere trinken einen Cocktail auf der Bar-Terrasse und genie\u00dfen die Landschaft.<\/p>\n\n\n\n<div class=\"wp-block-columns custom-columns is-layout-flex wp-container-core-columns-is-layout-9d6595d7 wp-block-columns-is-layout-flex\">\n<div class=\"wp-block-column is-layout-flow wp-block-column-is-layout-flow\">\n<h3 class=\"wp-block-heading has-ast-global-color-3-color has-text-color has-link-color wp-elements-5770c00734cf91398b72434a8320307a\"><a href=\"https:\/\/blog.howlanders.com\/de\/chile\/torres-del-paine\/refugio-central\/\" target=\"_blank\" rel=\"noreferrer noopener\">Refugio Central<\/a><\/h3>\n\n\n\n<figure class=\"wp-block-image wp-duotone-unset-1\"><a href=\"https:\/\/blog.howlanders.com\/de\/chile\/torres-del-paine\/refugio-central\/\"><img data-recalc-dims=\"1\" decoding=\"async\" src=\"https:\/\/i0.wp.com\/blog.howlanders.com\/wp-content\/uploads\/2023\/02\/refugio-central-torres-paine.jpg?w=640&#038;ssl=1\" alt=\"Refugio Central \u2013 Unterkunft im Torres-del-Paine-Nationalpark\" style=\"aspect-ratio:16\/9;object-fit:cover\"\/><\/a><\/figure>\n<\/div>\n\n\n\n<div class=\"wp-block-column is-layout-flow wp-block-column-is-layout-flow\">\n<h3 class=\"wp-block-heading has-ast-global-color-3-color has-text-color has-link-color wp-elements-f1efd43ed6c0a0445c784bdf9c1c8692\"><a href=\"https:\/\/blog.howlanders.com\/de\/chile\/torres-del-paine\/refugio-paine-grande\/\" target=\"_blank\" rel=\"noreferrer noopener\">Refugio Paine Grande<\/a><\/h3>\n\n\n\n<figure class=\"wp-block-image\"><a href=\"https:\/\/blog.howlanders.com\/de\/chile\/torres-del-paine\/refugio-paine-grande\/\"><img data-recalc-dims=\"1\" decoding=\"async\" src=\"https:\/\/i0.wp.com\/blog.howlanders.com\/wp-content\/uploads\/2023\/02\/refugio-paine-grande-torres-paine.jpg?w=640&#038;ssl=1\" alt=\"Aussicht vom Refugio Paine Grande\" style=\"aspect-ratio:16\/9;object-fit:cover\"\/><\/a><\/figure>\n<\/div>\n<\/div>\n\n\n\n<div class=\"wp-block-columns custom-columns is-layout-flex wp-container-core-columns-is-layout-9d6595d7 wp-block-columns-is-layout-flex\">\n<div class=\"wp-block-column is-layout-flow wp-block-column-is-layout-flow\">\n<h3 class=\"wp-block-heading has-ast-global-color-3-color has-text-color has-link-color wp-elements-bdaae6ba7f5321c5cd1a353c3ec886e1\"><a href=\"https:\/\/blog.howlanders.com\/de\/chile\/torres-del-paine\/refugio-cuernos\/\" target=\"_blank\" rel=\"noreferrer noopener\">Refugio Cuernos<\/a><\/h3>\n\n\n\n<figure class=\"wp-block-image\"><a href=\"https:\/\/blog.howlanders.com\/de\/chile\/torres-del-paine\/refugio-cuernos\/\"><img data-recalc-dims=\"1\" decoding=\"async\" src=\"https:\/\/i0.wp.com\/blog.howlanders.com\/wp-content\/uploads\/2023\/02\/refugio-cuernos-torres-paine.jpg?w=640&#038;ssl=1\" alt=\"Au\u00dfenansicht des Refugio Cuernos \u2013 Unterkunft im Torres-del-Paine-Nationalpark\" style=\"aspect-ratio:16\/9;object-fit:cover\"\/><\/a><\/figure>\n<\/div>\n\n\n\n<div class=\"wp-block-column is-layout-flow wp-block-column-is-layout-flow\">\n<h3 class=\"wp-block-heading has-ast-global-color-3-color has-text-color has-link-color wp-elements-560124826156432e94c0e5cd5e6ce46a\"><a href=\"https:\/\/blog.howlanders.com\/de\/chile\/torres-del-paine\/schutzhuette-dickson\/\" target=\"_blank\" rel=\"noreferrer noopener\">Refugio Dickson<\/a><\/h3>\n\n\n\n<figure class=\"wp-block-image\"><a href=\"https:\/\/blog.howlanders.com\/de\/chile\/torres-del-paine\/schutzhuette-dickson\/\"><img data-recalc-dims=\"1\" decoding=\"async\" src=\"https:\/\/i0.wp.com\/blog.howlanders.com\/wp-content\/uploads\/2023\/02\/refugio-dickson-torres-paine.jpg?w=640&#038;ssl=1\" alt=\"Panorama des Refugio Dickson \u2013 Unterkunft im Torres-del-Paine-Nationalpark\" style=\"aspect-ratio:16\/9;object-fit:cover\"\/><\/a><\/figure>\n<\/div>\n<\/div>\n\n\n\n<div class=\"wp-block-columns are-vertically-aligned-top custom-columns is-layout-flex wp-container-core-columns-is-layout-9d6595d7 wp-block-columns-is-layout-flex\">\n<div class=\"wp-block-column is-vertically-aligned-top is-layout-flow wp-block-column-is-layout-flow\">\n<h3 class=\"wp-block-heading has-ast-global-color-3-color has-text-color has-link-color wp-elements-40763f102c58fbc0b2e0b59c168ff07f\"><a href=\"https:\/\/blog.howlanders.com\/de\/chile\/torres-del-paine\/schutzhuette-francais\/\" target=\"_blank\" rel=\"noreferrer noopener\">Refugio Franc\u00e9s<\/a><\/h3>\n\n\n\n<figure class=\"wp-block-image\"><a href=\"https:\/\/blog.howlanders.com\/de\/chile\/torres-del-paine\/schutzhuette-francais\/\"><img data-recalc-dims=\"1\" decoding=\"async\" src=\"https:\/\/i0.wp.com\/blog.howlanders.com\/wp-content\/uploads\/2023\/02\/refugio-los-perros.jpg?w=640&#038;ssl=1\" alt=\"Wanderer im Refugio Franc\u00e9s\" style=\"aspect-ratio:16\/9;object-fit:cover\"\/><\/a><\/figure>\n<\/div>\n\n\n\n<div class=\"wp-block-column is-vertically-aligned-top is-layout-flow wp-block-column-is-layout-flow\">\n<h3 class=\"wp-block-heading has-ast-global-color-3-color has-text-color has-link-color wp-elements-353f4ef7b60f6d53077f145125cc362d\"><a href=\"\/de\/?p=36940\" target=\"_blank\" rel=\"noreferrer noopener\">Refugio Grey<\/a><\/h3>\n\n\n\n<figure class=\"wp-block-image\"><a href=\"\/de\/?p=36940\"><img data-recalc-dims=\"1\" decoding=\"async\" src=\"https:\/\/i0.wp.com\/blog.howlanders.com\/wp-content\/uploads\/2023\/02\/refugio-grey-torres-paine.jpg?w=640&#038;ssl=1\" alt=\"Au\u00dfenansicht des Refugio Grey\" style=\"aspect-ratio:16\/9;object-fit:cover\"\/><\/a><\/figure>\n<\/div>\n<\/div>\n\n\n\n<h2 class=\"wp-block-heading\"><strong>Unterkunft auf Campingpl\u00e4tzen im Torres del Paine<\/strong><\/h2>\n\n\n\n<p>Wie bereits erw\u00e4hnt, beinhalten die Campingpl\u00e4tze im Torres-del-Paine-Nationalpark bereits aufgebaute Zelte, Schlafs\u00e4cke und Isomatten \u2013 du musst also nichts davon selbst mitbringen.<\/p>\n\n\n\n<p>In den Sektoren Ser\u00f3n, Cuernos\/Franc\u00e9s und Central\/Chileno handelt es sich bei den Zelten um sogenannte \u201eSafari-Zelte\u201c, w\u00e4hrend in den Sektoren Dickson, Perros, Grey und Paine Grande traditionelle Zelte verwendet werden.<\/p>\n\n\n\n<p>Alle Zelte bieten Platz f\u00fcr zwei Personen. Falls du jedoch allein reist und dich f\u00fcr diese Art der Unterkunft entscheidest, wird dir selbstverst\u00e4ndlich ein Zelt zur Einzelnutzung zugewiesen.<\/p>\n\n\n\n<p class=\"has-text-align-justify\">Zweifellos ist dies die beste Option, wenn du eine intensive Verbindung zur Natur suchst. Morgens aufzuwachen, das Zelt zu \u00f6ffnen und die Magie der Umgebung des Parks zu sp\u00fcren, ist ein einzigartiges und unvergleichliches Erlebnis.<\/p>\n\n\n\n<div class=\"wp-block-columns custom-columns is-layout-flex wp-container-core-columns-is-layout-9d6595d7 wp-block-columns-is-layout-flex\">\n<div class=\"wp-block-column is-layout-flow wp-block-column-is-layout-flow\">\n<h3 class=\"wp-block-heading has-ast-global-color-3-color has-text-color has-link-color wp-elements-9202d50177bd02bc84c75a797f4e73b2\"><span style=\"text-decoration: underline\"><a href=\"https:\/\/blog.howlanders.com\/de\/chile\/torres-del-paine\/camping-chileno\/\">Camping Chileno<\/a><\/span><\/h3>\n\n\n\n<figure class=\"wp-block-image\"><a href=\"https:\/\/blog.howlanders.com\/chile\/torres-del-paine\/refugio-chileno\/\"><img data-recalc-dims=\"1\" decoding=\"async\" src=\"https:\/\/i0.wp.com\/blog.howlanders.com\/wp-content\/uploads\/2023\/02\/refugio-chileno-torres-paine.jpg?w=640&#038;ssl=1\" alt=\"Refugio Chileno \u2013 Unterkunft im Torres-del-Paine-Nationalpark\" style=\"aspect-ratio:16\/9;object-fit:cover\"\/><\/a><\/figure>\n<\/div>\n\n\n\n<div class=\"wp-block-column is-layout-flow wp-block-column-is-layout-flow\">\n<h3 class=\"wp-block-heading has-ast-global-color-3-color has-text-color has-link-color wp-elements-67e1c9ae77f99e77f56b710459dd6fa1\"><\/h3>\n<\/div>\n<\/div>\n\n\n\n<div class=\"wp-block-columns custom-columns is-layout-flex wp-container-core-columns-is-layout-9d6595d7 wp-block-columns-is-layout-flex\">\n<div class=\"wp-block-column is-layout-flow wp-block-column-is-layout-flow\">\n<h3 class=\"wp-block-heading has-ast-global-color-3-color has-text-color has-link-color wp-elements-f1ca08a17f910dec3ab213605f1a8450\"><a href=\"https:\/\/blog.howlanders.com\/de\/chile\/torres-del-paine\/camping-los-perros\/\" target=\"_blank\" rel=\"noreferrer noopener\">Camping Los Perros<\/a><\/h3>\n\n\n\n<figure class=\"wp-block-image\"><a href=\"https:\/\/blog.howlanders.com\/de\/chile\/torres-del-paine\/camping-los-perros\/\"><img data-recalc-dims=\"1\" decoding=\"async\" src=\"https:\/\/i0.wp.com\/blog.howlanders.com\/wp-content\/uploads\/2023\/02\/camping-los-perros-1.jpg?w=640&#038;ssl=1\" alt=\"Zugang zum Campingplatz Los Perros \u2013 Unterkunft im Torres-del-Paine-Nationalpark\" style=\"aspect-ratio:16\/9;object-fit:cover\"\/><\/a><\/figure>\n<\/div>\n\n\n\n<div class=\"wp-block-column is-vertically-aligned-top is-layout-flow wp-block-column-is-layout-flow\">\n<h3 class=\"wp-block-heading has-ast-global-color-3-color has-text-color has-link-color wp-elements-7a44c9edc1c0a0bbdb53bdf68e9bb51b\"><a href=\"https:\/\/blog.howlanders.com\/de\/chile\/torres-del-paine\/camping-seron\/\" target=\"_blank\" rel=\"noreferrer noopener\">Camping Ser\u00f3n<\/a><\/h3>\n\n\n\n<figure class=\"wp-block-image\"><a href=\"https:\/\/blog.howlanders.com\/de\/chile\/torres-del-paine\/camping-seron\/\"><img data-recalc-dims=\"1\" decoding=\"async\" src=\"https:\/\/i0.wp.com\/blog.howlanders.com\/wp-content\/uploads\/2023\/02\/camping-seron-torres-paine.jpg?w=640&#038;ssl=1\" alt=\"Luftaufnahme des Campingplatzes Ser\u00f3n \u2013 Unterkunft im Torres-del-Paine-Nationalpark\" style=\"aspect-ratio:16\/9;object-fit:cover\"\/><\/a><\/figure>\n<\/div>\n<\/div>\n\n\n\n<div style=\"height:50px\" aria-hidden=\"true\" class=\"wp-block-spacer\"><\/div>\n\n\n\n<h2 class=\"wp-block-heading\"><strong>Teile deine Meinung zur Unterkunft im Torres del Paine mit anderen Reisenden<\/strong><\/h2>\n\n\n\n<p>Hast du Fragen zu den Unterk\u00fcnften?<br>Warst du bereits im Torres del Paine und m\u00f6chtest deine Meinung oder Tipps f\u00fcr zuk\u00fcnftige Reisende teilen?<br>Hinterlasse uns gerne einen Kommentar!<\/p>\n\n\n\n<div style=\"height:50px\" aria-hidden=\"true\" class=\"wp-block-spacer\"><\/div>\n","protected":false},"excerpt":{"rendered":"<p>Die Unterbringung in Torres del Paine kann in Schutzh\u00fctten, auf Campingpl\u00e4tzen oder beidem erfolgen. Je nach der Route, die Sie nehmen, und Ihren Interessen oder Bed\u00fcrfnissen, werden Sie in der einen oder anderen Unterkunft \u00fcbernachten. In diesem Blog erz\u00e4hlen wir Ihnen alles \u00fcber die H\u00fctten und Campingpl\u00e4tze in Torres del Paine, basierend auf unseren Erfahrungen. [&hellip;]<\/p>\n","protected":false},"author":22,"featured_media":36778,"parent":0,"menu_order":0,"comment_status":"open","ping_status":"closed","template":"","meta":{"jetpack_post_was_ever_published":false,"footnotes":""},"class_list":["post-36802","page","type-page","status-publish","has-post-thumbnail","hentry"],"yoast_head":"<!-- This site is optimized with the Yoast SEO plugin v26.6 - https:\/\/yoast.com\/wordpress\/plugins\/seo\/ -->\n<title>Unterkunft in Torres del Paine<\/title>\n<meta name=\"description\" content=\"Entdecke alle Infos \u00fcber Unterk\u00fcnfte im Torres-del-Paine-Nationalpark: Refugios, Campingpl\u00e4tze, Tipps und pers\u00f6nliche Erfahrungen f\u00fcr deine Reise nach Patagonien.\" \/>\n<meta name=\"robots\" content=\"index, follow, max-snippet:-1, max-image-preview:large, max-video-preview:-1\" \/>\n<link rel=\"canonical\" href=\"https:\/\/blog.howlanders.com\/de\/unterkunft-in-torres-del-paine\/\" \/>\n<meta property=\"og:locale\" content=\"de_DE\" \/>\n<meta property=\"og:type\" content=\"article\" \/>\n<meta property=\"og:title\" content=\"Unterkunft in Torres del Paine\" \/>\n<meta property=\"og:description\" content=\"Entdecke alle Infos \u00fcber Unterk\u00fcnfte im Torres-del-Paine-Nationalpark: Refugios, Campingpl\u00e4tze, Tipps und pers\u00f6nliche Erfahrungen f\u00fcr deine Reise nach Patagonien.\" \/>\n<meta property=\"og:url\" content=\"https:\/\/blog.howlanders.com\/de\/unterkunft-in-torres-del-paine\/\" \/>\n<meta property=\"og:site_name\" content=\"Howlanders Blog\" \/>\n<meta property=\"article:publisher\" content=\"https:\/\/www.facebook.com\/howlanders\" \/>\n<meta property=\"article:modified_time\" content=\"2025-11-28T15:19:34+00:00\" \/>\n<meta property=\"og:image\" content=\"https:\/\/blog.howlanders.com\/wp-content\/uploads\/2025\/05\/generate-a-captivating-featured-image-for-a-blog-post-about.png\" \/>\n\t<meta property=\"og:image:width\" content=\"1024\" \/>\n\t<meta property=\"og:image:height\" content=\"768\" \/>\n\t<meta property=\"og:image:type\" content=\"image\/png\" \/>\n<meta name=\"twitter:card\" content=\"summary_large_image\" \/>\n<meta name=\"twitter:site\" content=\"@howlanders\" \/>\n<meta name=\"twitter:label1\" content=\"Gesch\u00e4tzte Lesezeit\" \/>\n\t<meta name=\"twitter:data1\" content=\"5\u00a0Minuten\" \/>\n<script type=\"application\/ld+json\" class=\"yoast-schema-graph\">{\"@context\":\"https:\/\/schema.org\",\"@graph\":[{\"@type\":\"WebPage\",\"@id\":\"https:\/\/blog.howlanders.com\/de\/unterkunft-in-torres-del-paine\/\",\"url\":\"https:\/\/blog.howlanders.com\/de\/unterkunft-in-torres-del-paine\/\",\"name\":\"Unterkunft in Torres del Paine\",\"isPartOf\":{\"@id\":\"https:\/\/blog.howlanders.com\/de\/#website\"},\"primaryImageOfPage\":{\"@id\":\"https:\/\/blog.howlanders.com\/de\/unterkunft-in-torres-del-paine\/#primaryimage\"},\"image\":{\"@id\":\"https:\/\/blog.howlanders.com\/de\/unterkunft-in-torres-del-paine\/#primaryimage\"},\"thumbnailUrl\":\"https:\/\/i0.wp.com\/blog.howlanders.com\/wp-content\/uploads\/2025\/05\/generate-a-captivating-featured-image-for-a-blog-post-about.png?fit=1024%2C768&ssl=1\",\"datePublished\":\"2025-05-13T12:00:00+00:00\",\"dateModified\":\"2025-11-28T15:19:34+00:00\",\"description\":\"Entdecke alle Infos \u00fcber Unterk\u00fcnfte im Torres-del-Paine-Nationalpark: Refugios, Campingpl\u00e4tze, Tipps und pers\u00f6nliche Erfahrungen f\u00fcr deine Reise nach Patagonien.\",\"breadcrumb\":{\"@id\":\"https:\/\/blog.howlanders.com\/de\/unterkunft-in-torres-del-paine\/#breadcrumb\"},\"inLanguage\":\"de\",\"potentialAction\":[{\"@type\":\"ReadAction\",\"target\":[\"https:\/\/blog.howlanders.com\/de\/unterkunft-in-torres-del-paine\/\"]}]},{\"@type\":\"ImageObject\",\"inLanguage\":\"de\",\"@id\":\"https:\/\/blog.howlanders.com\/de\/unterkunft-in-torres-del-paine\/#primaryimage\",\"url\":\"https:\/\/i0.wp.com\/blog.howlanders.com\/wp-content\/uploads\/2025\/05\/generate-a-captivating-featured-image-for-a-blog-post-about.png?fit=1024%2C768&ssl=1\",\"contentUrl\":\"https:\/\/i0.wp.com\/blog.howlanders.com\/wp-content\/uploads\/2025\/05\/generate-a-captivating-featured-image-for-a-blog-post-about.png?fit=1024%2C768&ssl=1\",\"width\":1024,\"height\":768},{\"@type\":\"BreadcrumbList\",\"@id\":\"https:\/\/blog.howlanders.com\/de\/unterkunft-in-torres-del-paine\/#breadcrumb\",\"itemListElement\":[{\"@type\":\"ListItem\",\"position\":1,\"name\":\"Inicio\",\"item\":\"https:\/\/blog.howlanders.com\/de\/\"},{\"@type\":\"ListItem\",\"position\":2,\"name\":\"Unterkunft in Torres del Paine\"}]},{\"@type\":\"WebSite\",\"@id\":\"https:\/\/blog.howlanders.com\/de\/#website\",\"url\":\"https:\/\/blog.howlanders.com\/de\/\",\"name\":\"Howlanders Blog\",\"description\":\"Die besten Abenteuer in der Natur, erlebt und erz\u00e4hlt von anderen Reisenden\",\"publisher\":{\"@id\":\"https:\/\/blog.howlanders.com\/de\/#organization\"},\"potentialAction\":[{\"@type\":\"SearchAction\",\"target\":{\"@type\":\"EntryPoint\",\"urlTemplate\":\"https:\/\/blog.howlanders.com\/de\/?s={search_term_string}\"},\"query-input\":{\"@type\":\"PropertyValueSpecification\",\"valueRequired\":true,\"valueName\":\"search_term_string\"}}],\"inLanguage\":\"de\"},{\"@type\":\"Organization\",\"@id\":\"https:\/\/blog.howlanders.com\/de\/#organization\",\"name\":\"Howlanders\",\"url\":\"https:\/\/blog.howlanders.com\/de\/\",\"logo\":{\"@type\":\"ImageObject\",\"inLanguage\":\"de\",\"@id\":\"https:\/\/blog.howlanders.com\/de\/#\/schema\/logo\/image\/\",\"url\":\"https:\/\/i0.wp.com\/blog.howlanders.com\/wp-content\/uploads\/2021\/01\/logo-howlanders.png?fit=64%2C63&ssl=1\",\"contentUrl\":\"https:\/\/i0.wp.com\/blog.howlanders.com\/wp-content\/uploads\/2021\/01\/logo-howlanders.png?fit=64%2C63&ssl=1\",\"width\":64,\"height\":63,\"caption\":\"Howlanders\"},\"image\":{\"@id\":\"https:\/\/blog.howlanders.com\/de\/#\/schema\/logo\/image\/\"},\"sameAs\":[\"https:\/\/www.facebook.com\/howlanders\",\"https:\/\/x.com\/howlanders\"]}]}<\/script>\n<!-- \/ Yoast SEO plugin. -->","yoast_head_json":{"title":"Unterkunft in Torres del Paine","description":"Entdecke alle Infos \u00fcber Unterk\u00fcnfte im Torres-del-Paine-Nationalpark: Refugios, Campingpl\u00e4tze, Tipps und pers\u00f6nliche Erfahrungen f\u00fcr deine Reise nach Patagonien.","robots":{"index":"index","follow":"follow","max-snippet":"max-snippet:-1","max-image-preview":"max-image-preview:large","max-video-preview":"max-video-preview:-1"},"canonical":"https:\/\/blog.howlanders.com\/de\/unterkunft-in-torres-del-paine\/","og_locale":"de_DE","og_type":"article","og_title":"Unterkunft in Torres del Paine","og_description":"Entdecke alle Infos \u00fcber Unterk\u00fcnfte im Torres-del-Paine-Nationalpark: Refugios, Campingpl\u00e4tze, Tipps und pers\u00f6nliche Erfahrungen f\u00fcr deine Reise nach Patagonien.","og_url":"https:\/\/blog.howlanders.com\/de\/unterkunft-in-torres-del-paine\/","og_site_name":"Howlanders Blog","article_publisher":"https:\/\/www.facebook.com\/howlanders","article_modified_time":"2025-11-28T15:19:34+00:00","og_image":[{"width":1024,"height":768,"url":"https:\/\/blog.howlanders.com\/wp-content\/uploads\/2025\/05\/generate-a-captivating-featured-image-for-a-blog-post-about.png","type":"image\/png"}],"twitter_card":"summary_large_image","twitter_site":"@howlanders","twitter_misc":{"Gesch\u00e4tzte Lesezeit":"5\u00a0Minuten"},"schema":{"@context":"https:\/\/schema.org","@graph":[{"@type":"WebPage","@id":"https:\/\/blog.howlanders.com\/de\/unterkunft-in-torres-del-paine\/","url":"https:\/\/blog.howlanders.com\/de\/unterkunft-in-torres-del-paine\/","name":"Unterkunft in Torres del Paine","isPartOf":{"@id":"https:\/\/blog.howlanders.com\/de\/#website"},"primaryImageOfPage":{"@id":"https:\/\/blog.howlanders.com\/de\/unterkunft-in-torres-del-paine\/#primaryimage"},"image":{"@id":"https:\/\/blog.howlanders.com\/de\/unterkunft-in-torres-del-paine\/#primaryimage"},"thumbnailUrl":"https:\/\/i0.wp.com\/blog.howlanders.com\/wp-content\/uploads\/2025\/05\/generate-a-captivating-featured-image-for-a-blog-post-about.png?fit=1024%2C768&ssl=1","datePublished":"2025-05-13T12:00:00+00:00","dateModified":"2025-11-28T15:19:34+00:00","description":"Entdecke alle Infos \u00fcber Unterk\u00fcnfte im Torres-del-Paine-Nationalpark: Refugios, Campingpl\u00e4tze, Tipps und pers\u00f6nliche Erfahrungen f\u00fcr deine Reise nach Patagonien.","breadcrumb":{"@id":"https:\/\/blog.howlanders.com\/de\/unterkunft-in-torres-del-paine\/#breadcrumb"},"inLanguage":"de","potentialAction":[{"@type":"ReadAction","target":["https:\/\/blog.howlanders.com\/de\/unterkunft-in-torres-del-paine\/"]}]},{"@type":"ImageObject","inLanguage":"de","@id":"https:\/\/blog.howlanders.com\/de\/unterkunft-in-torres-del-paine\/#primaryimage","url":"https:\/\/i0.wp.com\/blog.howlanders.com\/wp-content\/uploads\/2025\/05\/generate-a-captivating-featured-image-for-a-blog-post-about.png?fit=1024%2C768&ssl=1","contentUrl":"https:\/\/i0.wp.com\/blog.howlanders.com\/wp-content\/uploads\/2025\/05\/generate-a-captivating-featured-image-for-a-blog-post-about.png?fit=1024%2C768&ssl=1","width":1024,"height":768},{"@type":"BreadcrumbList","@id":"https:\/\/blog.howlanders.com\/de\/unterkunft-in-torres-del-paine\/#breadcrumb","itemListElement":[{"@type":"ListItem","position":1,"name":"Inicio","item":"https:\/\/blog.howlanders.com\/de\/"},{"@type":"ListItem","position":2,"name":"Unterkunft in Torres del Paine"}]},{"@type":"WebSite","@id":"https:\/\/blog.howlanders.com\/de\/#website","url":"https:\/\/blog.howlanders.com\/de\/","name":"Howlanders Blog","description":"Die besten Abenteuer in der Natur, erlebt und erz\u00e4hlt von anderen Reisenden","publisher":{"@id":"https:\/\/blog.howlanders.com\/de\/#organization"},"potentialAction":[{"@type":"SearchAction","target":{"@type":"EntryPoint","urlTemplate":"https:\/\/blog.howlanders.com\/de\/?s={search_term_string}"},"query-input":{"@type":"PropertyValueSpecification","valueRequired":true,"valueName":"search_term_string"}}],"inLanguage":"de"},{"@type":"Organization","@id":"https:\/\/blog.howlanders.com\/de\/#organization","name":"Howlanders","url":"https:\/\/blog.howlanders.com\/de\/","logo":{"@type":"ImageObject","inLanguage":"de","@id":"https:\/\/blog.howlanders.com\/de\/#\/schema\/logo\/image\/","url":"https:\/\/i0.wp.com\/blog.howlanders.com\/wp-content\/uploads\/2021\/01\/logo-howlanders.png?fit=64%2C63&ssl=1","contentUrl":"https:\/\/i0.wp.com\/blog.howlanders.com\/wp-content\/uploads\/2021\/01\/logo-howlanders.png?fit=64%2C63&ssl=1","width":64,"height":63,"caption":"Howlanders"},"image":{"@id":"https:\/\/blog.howlanders.com\/de\/#\/schema\/logo\/image\/"},"sameAs":["https:\/\/www.facebook.com\/howlanders","https:\/\/x.com\/howlanders"]}]}},"jetpack_shortlink":"https:\/\/wp.me\/PfY61W-9zA","jetpack_sharing_enabled":true,"_links":{"self":[{"href":"https:\/\/blog.howlanders.com\/de\/wp-json\/wp\/v2\/pages\/36802","targetHints":{"allow":["GET"]}}],"collection":[{"href":"https:\/\/blog.howlanders.com\/de\/wp-json\/wp\/v2\/pages"}],"about":[{"href":"https:\/\/blog.howlanders.com\/de\/wp-json\/wp\/v2\/types\/page"}],"author":[{"embeddable":true,"href":"https:\/\/blog.howlanders.com\/de\/wp-json\/wp\/v2\/users\/22"}],"replies":[{"embeddable":true,"href":"https:\/\/blog.howlanders.com\/de\/wp-json\/wp\/v2\/comments?post=36802"}],"version-history":[{"count":9,"href":"https:\/\/blog.howlanders.com\/de\/wp-json\/wp\/v2\/pages\/36802\/revisions"}],"predecessor-version":[{"id":40493,"href":"https:\/\/blog.howlanders.com\/de\/wp-json\/wp\/v2\/pages\/36802\/revisions\/40493"}],"wp:featuredmedia":[{"embeddable":true,"href":"https:\/\/blog.howlanders.com\/de\/wp-json\/wp\/v2\/media\/36778"}],"wp:attachment":[{"href":"https:\/\/blog.howlanders.com\/de\/wp-json\/wp\/v2\/media?parent=36802"}],"curies":[{"name":"wp","href":"https:\/\/api.w.org\/{rel}","templated":true}]}}