{"id":36797,"date":"2025-05-13T08:00:00","date_gmt":"2025-05-13T12:00:00","guid":{"rendered":"https:\/\/blog.howlanders.com\/?page_id=36797"},"modified":"2025-11-28T16:17:17","modified_gmt":"2025-11-28T15:17:17","slug":"hebergement-torres-del-paine","status":"publish","type":"page","link":"https:\/\/blog.howlanders.com\/fr\/hebergement-torres-del-paine\/","title":{"rendered":"H\u00e9bergement \u00e0 Torres del Paine"},"content":{"rendered":"\n<p class=\"has-text-align-justify\">L\u2019h\u00e9bergement dans le parc Torres del Paine peut se faire en <strong>refuges<\/strong>, en <strong>campings<\/strong>, ou une combinaison des deux. Cela d\u00e9pend de l\u2019itin\u00e9raire que vous choisissez, ainsi que de vos int\u00e9r\u00eats et besoins. Dans ce blog, nous vous expliquons tout ce qu\u2019il faut savoir sur les refuges et les campings \u00e0 Torres del Paine, en nous basant sur notre propre exp\u00e9rience.<\/p>\n\n\n\n<p>Tout d\u2019abord, avant de choisir votre type d\u2019h\u00e9bergement pr\u00e9f\u00e9r\u00e9 \u00e0 Torres del Paine, il est important de comprendre que le <strong>Parc National Torres del Paine<\/strong>, situ\u00e9 en Patagonie chilienne, est divis\u00e9 en plusieurs <strong>secteurs principaux<\/strong>, chacun avec ses propres caract\u00e9ristiques et attractions uniques. Ces secteurs sont essentiels pour organiser et planifier votre visite du parc, que ce soit pour faire de la randonn\u00e9e, profiter de la nature ou entreprendre des treks plus longs. Voici les diff\u00e9rents secteurs:<\/p>\n\n\n\n<h3 class=\"wp-block-heading\"><strong>Secteurs<\/strong><\/h3>\n\n\n\n<ul class=\"wp-block-list\">\n<li>Secteur Ser\u00f3n<\/li>\n\n\n\n<li>Secteur Dickson<\/li>\n\n\n\n<li>Secteur Los Perros<\/li>\n\n\n\n<li>Secteur Grey<\/li>\n\n\n\n<li>Secteur Paine Grande<\/li>\n\n\n\n<li>Secteur Franc\u00e9s<\/li>\n\n\n\n<li>Secteur Cuernos<\/li>\n\n\n\n<li>Secteur Chileno<\/li>\n\n\n\n<li>Secteur Central<\/li>\n<\/ul>\n\n\n\n<p>Dans chaque secteur, on trouve des campings et des refuges, sauf dans les secteurs Chileno, Los Perros et Ser\u00f3n, qui proposent uniquement du camping.<\/p>\n\n\n\n<p>Les refuges disposent de grands espaces communs, d\u2019un bar et d\u2019une salle \u00e0 manger, accessibles \u00e9galement aux voyageurs logeant en camping. Les chambres sont partag\u00e9es (environ 6 personnes) et offrent de bons lits, une lampe de lecture, ainsi qu\u2019une prise \u00e9lectrique \u00e0 c\u00f4t\u00e9 du lit.<\/p>\n\n\n\n<p>D\u2019un autre c\u00f4t\u00e9, si vous r\u00e9servez un h\u00e9bergement en camping, tout sera d\u00e9j\u00e0 pr\u00eat \u00e0 votre arriv\u00e9e : vous n\u2019aurez donc pas besoin d\u2019emporter votre propre \u00e9quipement.<\/p>\n\n\n\n<p>Il existe deux types de campings dans le parc. Dans certains secteurs, les tentes sont mont\u00e9es sur des plateformes en bois ; dans d\u2019autres, il s\u2019agit de \u00ab\u00a0glamping\u00a0\u00bb, c\u2019est-\u00e0-dire de grandes tentes sur\u00e9lev\u00e9es, semblables \u00e0 celles utilis\u00e9es lors des safaris, install\u00e9es au-dessus de 4&#215;4. Tous les campings disposent de leurs propres sanitaires et douches (avec horaires limit\u00e9s), ainsi que d\u2019une cuisine commune. Cependant, dans <a href=\"https:\/\/www.howlanders.com\/fr\/circuits-chili\/puerto-natales\">nos circuits <\/a><a href=\"https:\/\/www.howlanders.com\/fr\/circuits-chili\/puerto-natales\" target=\"_blank\" rel=\"noreferrer noopener\">\u00e0<\/a><a href=\"https:\/\/www.howlanders.com\/fr\/circuits-chili\/puerto-natales\"> Torres del Paine<\/a>, les repas sont inclus, vous n\u2019aurez donc pas \u00e0 vous soucier de cuisiner.<\/p>\n\n\n\n<p class=\"has-text-align-justify\">Voici ci-dessous la liste des campings et refuges que nous avons visit\u00e9s lors de notre exp\u00e9rience \u00e0 Torres del Paine :<\/p>\n\n\n\n<h3 class=\"wp-block-heading\">H\u00e9bergement en refuge  \u00e0 Torres del Paine<\/h3>\n\n\n\n<p>Dans les refuges, les chambres disposent de 4 ou 6 lits, sauf dans le cas des Domos Franc\u00e9s, o\u00f9 chaque chambre compte 8 lits. Tous les secteurs de refuges offrent un acc\u00e8s aux salles de bain, aux douches avec eau chaude, ainsi qu\u2019aux espaces communs pour manger. Dans les refuges, vous trouverez \u00e9galement la possibilit\u00e9 d\u2019acheter un acc\u00e8s Wi-Fi pr\u00e9pay\u00e9 sur place.<\/p>\n\n\n\n<p>Apr\u00e8s votre randonn\u00e9e quotidienne, vous disposerez de temps libre jusqu\u2019\u00e0 l\u2019heure du d\u00eener, avec l\u2019opportunit\u00e9 de rencontrer d\u2019autres voyageurs dans ces espaces communs. Certains en profitent pour se promener dans la zone, tandis que d\u2019autres prennent un verre sur la terrasse du bar et admirent le paysage.<\/p>\n\n\n\n<div class=\"wp-block-columns custom-columns is-layout-flex wp-container-core-columns-is-layout-9d6595d7 wp-block-columns-is-layout-flex\">\n<div class=\"wp-block-column is-layout-flow wp-block-column-is-layout-flow\">\n<h3 class=\"wp-block-heading has-ast-global-color-3-color has-text-color has-link-color wp-elements-3db041a412767ad085078a06bbf519d2\"><a href=\"https:\/\/blog.howlanders.com\/fr\/chili\/torres-del-paine\/refuge-central\/\" target=\"_blank\" rel=\"noreferrer noopener\">Refuge Central<\/a><\/h3>\n\n\n\n<figure class=\"wp-block-image wp-duotone-unset-1\"><a href=\"https:\/\/blog.howlanders.com\/fr\/chili\/torres-del-paine\/refuge-central\/\"><img data-recalc-dims=\"1\" decoding=\"async\" src=\"https:\/\/i0.wp.com\/blog.howlanders.com\/wp-content\/uploads\/2023\/02\/refugio-central-torres-paine.jpg?w=640&#038;ssl=1\" alt=\"Refugio Central, h\u00e9bergement \u00e0 Torres del Paine\" style=\"aspect-ratio:16\/9;object-fit:cover\"\/><\/a><\/figure>\n<\/div>\n\n\n\n<div class=\"wp-block-column is-layout-flow wp-block-column-is-layout-flow\">\n<h3 class=\"wp-block-heading has-ast-global-color-3-color has-text-color has-link-color wp-elements-7d657f341d5cb15bfe814c90c8e54b30\"><a href=\"https:\/\/blog.howlanders.com\/fr\/chili\/torres-del-paine\/refuge-paine-grande\/\" target=\"_blank\" rel=\"noreferrer noopener\">Refuge Paine Grande<\/a><\/h3>\n\n\n\n<figure class=\"wp-block-image\"><a href=\"https:\/\/blog.howlanders.com\/fr\/chili\/torres-del-paine\/refuge-paine-grande\/\"><img data-recalc-dims=\"1\" decoding=\"async\" src=\"https:\/\/i0.wp.com\/blog.howlanders.com\/wp-content\/uploads\/2023\/02\/refugio-paine-grande-torres-paine.jpg?w=640&#038;ssl=1\" alt=\"Vue depuis le refuge Paine Grande\" style=\"aspect-ratio:16\/9;object-fit:cover\"\/><\/a><\/figure>\n<\/div>\n<\/div>\n\n\n\n<div class=\"wp-block-columns custom-columns is-layout-flex wp-container-core-columns-is-layout-9d6595d7 wp-block-columns-is-layout-flex\">\n<div class=\"wp-block-column is-layout-flow wp-block-column-is-layout-flow\">\n<h3 class=\"wp-block-heading has-ast-global-color-3-color has-text-color has-link-color wp-elements-81b7a30fec8bfd52e07318c2521472e1\"><a href=\"https:\/\/blog.howlanders.com\/fr\/chili\/torres-del-paine\/refuge-cuernos\/\" target=\"_blank\" rel=\"noreferrer noopener\">Refuge Cuernos<\/a><\/h3>\n\n\n\n<figure class=\"wp-block-image\"><a href=\"https:\/\/blog.howlanders.com\/fr\/chili\/torres-del-paine\/refuge-cuernos\/\"><img data-recalc-dims=\"1\" decoding=\"async\" src=\"https:\/\/i0.wp.com\/blog.howlanders.com\/wp-content\/uploads\/2023\/02\/refugio-cuernos-torres-paine.jpg?w=640&#038;ssl=1\" alt=\"Ext\u00e9rieur du refuge Cuernos \u2013 h\u00e9bergement \u00e0 Torres del Paine\" style=\"aspect-ratio:16\/9;object-fit:cover\"\/><\/a><\/figure>\n<\/div>\n\n\n\n<div class=\"wp-block-column is-layout-flow wp-block-column-is-layout-flow\">\n<h3 class=\"wp-block-heading has-ast-global-color-3-color has-text-color has-link-color wp-elements-8f2a56d0728809d1a62c222a88a18969\"><a href=\"https:\/\/blog.howlanders.com\/fr\/chili\/torres-del-paine\/refuge-dickson\/\" target=\"_blank\" rel=\"noreferrer noopener\">Refuge Dickson<\/a><\/h3>\n\n\n\n<figure class=\"wp-block-image\"><a href=\"https:\/\/blog.howlanders.com\/fr\/chili\/torres-del-paine\/refuge-dickson\/\"><img data-recalc-dims=\"1\" decoding=\"async\" src=\"https:\/\/i0.wp.com\/blog.howlanders.com\/wp-content\/uploads\/2023\/02\/refugio-dickson-torres-paine.jpg?w=640&#038;ssl=1\" alt=\"Panorama du refuge Dickson \u2013 h\u00e9bergement \u00e0 Torres del Paine\" style=\"aspect-ratio:16\/9;object-fit:cover\"\/><\/a><\/figure>\n<\/div>\n<\/div>\n\n\n\n<div class=\"wp-block-columns are-vertically-aligned-top custom-columns is-layout-flex wp-container-core-columns-is-layout-9d6595d7 wp-block-columns-is-layout-flex\">\n<div class=\"wp-block-column is-vertically-aligned-top is-layout-flow wp-block-column-is-layout-flow\">\n<h3 class=\"wp-block-heading has-ast-global-color-3-color has-text-color has-link-color wp-elements-e49a3a4598d8ff197d43e9d28aa9dff3\"><a href=\"https:\/\/blog.howlanders.com\/fr\/chili\/torres-del-paine\/refuge-francais\/\" target=\"_blank\" rel=\"noreferrer noopener\">Refuge Franc\u00e9s<\/a><\/h3>\n\n\n\n<figure class=\"wp-block-image\"><a href=\"https:\/\/blog.howlanders.com\/fr\/chili\/torres-del-paine\/refuge-francais\/\"><img data-recalc-dims=\"1\" decoding=\"async\" src=\"https:\/\/i0.wp.com\/blog.howlanders.com\/wp-content\/uploads\/2023\/02\/refugio-los-perros.jpg?w=640&#038;ssl=1\" alt=\"Randonneurs au refuge Franc\u00e9s\" style=\"aspect-ratio:16\/9;object-fit:cover\"\/><\/a><\/figure>\n<\/div>\n\n\n\n<div class=\"wp-block-column is-vertically-aligned-top is-layout-flow wp-block-column-is-layout-flow\">\n<h3 class=\"wp-block-heading has-ast-global-color-3-color has-text-color has-link-color wp-elements-fd20fef399321d851d05276e4e812f12\"><a href=\"\/fr\/?p=36912\" target=\"_blank\" rel=\"noreferrer noopener\">Refuge Grey<\/a><\/h3>\n\n\n\n<figure class=\"wp-block-image\"><a href=\"\/fr\/?p=36912\"><img data-recalc-dims=\"1\" decoding=\"async\" src=\"https:\/\/i0.wp.com\/blog.howlanders.com\/wp-content\/uploads\/2023\/02\/refugio-grey-torres-paine.jpg?w=640&#038;ssl=1\" alt=\"Ext\u00e9rieur du refuge Grey\" style=\"aspect-ratio:16\/9;object-fit:cover\"\/><\/a><\/figure>\n<\/div>\n<\/div>\n\n\n\n<h3 class=\"wp-block-heading\">H\u00e9bergement en camping \u00e0 Torres del Paine<\/h3>\n\n\n\n<p>Par ailleurs, comme nous l\u2019avons mentionn\u00e9 pr\u00e9c\u00e9demment, les campings du parc Torres del Paine incluent des tentes d\u00e9j\u00e0 mont\u00e9es, des sacs de couchage et des matelas, vous n\u2019avez donc pas besoin de pr\u00e9voir ces \u00e9quipements dans vos bagages. Dans les secteurs Ser\u00f3n, Cuernos\/Franc\u00e9s et Central\/Chileno, les tentes sont de type <strong>\u00ab safari \u00bb<\/strong>, tandis que dans les secteurs Dickson, Perros, Grey et Paine Grande, ce sont des tentes traditionnelles.<\/p>\n\n\n\n<p>Toutes les tentes peuvent accueillir 2 personnes, mais si vous choisissez ce type d\u2019h\u00e9bergement en voyageant seul, une tente vous sera attribu\u00e9e uniquement.<\/p>\n\n\n\n<p class=\"has-text-align-justify\">Sans aucun doute, si vous souhaitez vous connecter \u00e0 la nature, c\u2019est la meilleure option. Se r\u00e9veiller le matin, ouvrir sa tente et ressentir la magie de l\u2019environnement du parc est une exp\u00e9rience unique et inoubliable.<\/p>\n\n\n\n<div class=\"wp-block-columns custom-columns is-layout-flex wp-container-core-columns-is-layout-9d6595d7 wp-block-columns-is-layout-flex\">\n<div class=\"wp-block-column is-layout-flow wp-block-column-is-layout-flow\">\n<h3 class=\"wp-block-heading has-ast-global-color-3-color has-text-color has-link-color wp-elements-2029065b89f86d0b6cc3df123fa9fd4f\"><span style=\"text-decoration: underline\"><a href=\"https:\/\/blog.howlanders.com\/fr\/chili\/torres-del-paine\/camping-chileno\/\">Camping Chileno<\/a><\/span><\/h3>\n\n\n\n<figure class=\"wp-block-image\"><a href=\"https:\/\/blog.howlanders.com\/chile\/torres-del-paine\/refugio-chileno\/\"><img data-recalc-dims=\"1\" decoding=\"async\" src=\"https:\/\/i0.wp.com\/blog.howlanders.com\/wp-content\/uploads\/2023\/02\/refugio-chileno-torres-paine.jpg?w=640&#038;ssl=1\" alt=\"Camping Chileno \u2013 h\u00e9bergement \u00e0 Torres del Paine\" style=\"aspect-ratio:16\/9;object-fit:cover\"\/><\/a><\/figure>\n<\/div>\n\n\n\n<div class=\"wp-block-column is-layout-flow wp-block-column-is-layout-flow\">\n<h3 class=\"wp-block-heading has-ast-global-color-3-color has-text-color has-link-color wp-elements-67e1c9ae77f99e77f56b710459dd6fa1\"><\/h3>\n<\/div>\n<\/div>\n\n\n\n<div class=\"wp-block-columns custom-columns is-layout-flex wp-container-core-columns-is-layout-9d6595d7 wp-block-columns-is-layout-flex\">\n<div class=\"wp-block-column is-layout-flow wp-block-column-is-layout-flow\">\n<h3 class=\"wp-block-heading has-ast-global-color-3-color has-text-color has-link-color wp-elements-050451a5d9f62bf974a82cc5fd812c0b\"><a href=\"https:\/\/blog.howlanders.com\/fr\/chili\/torres-del-paine\/camping-los-perros\/\" target=\"_blank\" rel=\"noreferrer noopener\">Camping Los Perros<\/a><\/h3>\n\n\n\n<figure class=\"wp-block-image\"><a href=\"https:\/\/blog.howlanders.com\/fr\/chili\/torres-del-paine\/camping-los-perros\/\"><img data-recalc-dims=\"1\" decoding=\"async\" src=\"https:\/\/i0.wp.com\/blog.howlanders.com\/wp-content\/uploads\/2023\/02\/camping-los-perros-1.jpg?w=640&#038;ssl=1\" alt=\"Acc\u00e8s au camping Los Perros \u2013 h\u00e9bergement \u00e0 Torres del Paine\" style=\"aspect-ratio:16\/9;object-fit:cover\"\/><\/a><\/figure>\n<\/div>\n\n\n\n<div class=\"wp-block-column is-vertically-aligned-top is-layout-flow wp-block-column-is-layout-flow\">\n<h3 class=\"wp-block-heading has-ast-global-color-3-color has-text-color has-link-color wp-elements-240c7ee57e14fcefd207c650717445bb\"><a href=\"https:\/\/blog.howlanders.com\/fr\/chili\/torres-del-paine\/camping-seron\/\" target=\"_blank\" rel=\"noreferrer noopener\">Camping Ser\u00f3n<\/a><\/h3>\n\n\n\n<figure class=\"wp-block-image\"><a href=\"https:\/\/blog.howlanders.com\/fr\/chili\/torres-del-paine\/camping-seron\/\"><img data-recalc-dims=\"1\" decoding=\"async\" src=\"https:\/\/i0.wp.com\/blog.howlanders.com\/wp-content\/uploads\/2023\/02\/camping-seron-torres-paine.jpg?w=640&#038;ssl=1\" alt=\"Vue a\u00e9rienne du camping Ser\u00f3n \u2013 h\u00e9bergement \u00e0 Torres del Paine\" style=\"aspect-ratio:16\/9;object-fit:cover\"\/><\/a><\/figure>\n<\/div>\n<\/div>\n\n\n\n<h2 class=\"wp-block-heading\">Partagez votre avis sur l\u2019h\u00e9bergement \u00e0 Torres del Paine avec d\u2019autres voyageurs<\/h2>\n\n\n\n<p>Vous avez des questions sur les h\u00e9bergements ?<br>Vous avez voyag\u00e9 \u00e0 Torres del Paine et souhaitez partager votre avis ou donner des conseils aux futurs voyageurs ?<br>Laissez-nous un commentaire !<\/p>\n\n\n\n<div style=\"height:50px\" aria-hidden=\"true\" class=\"wp-block-spacer\"><\/div>\n","protected":false},"excerpt":{"rendered":"<p>L\u2019h\u00e9bergement dans le parc Torres del Paine peut se faire en refuges, en campings, ou une combinaison des deux. Cela d\u00e9pend de l\u2019itin\u00e9raire que vous choisissez, ainsi que de vos int\u00e9r\u00eats et besoins. Dans ce blog, nous vous expliquons tout ce qu\u2019il faut savoir sur les refuges et les campings \u00e0 Torres del Paine, en [&hellip;]<\/p>\n","protected":false},"author":31,"featured_media":36777,"parent":0,"menu_order":0,"comment_status":"open","ping_status":"closed","template":"","meta":{"jetpack_post_was_ever_published":false,"footnotes":""},"class_list":["post-36797","page","type-page","status-publish","has-post-thumbnail","hentry"],"yoast_head":"<!-- This site is optimized with the Yoast SEO plugin v27.3 - https:\/\/yoast.com\/product\/yoast-seo-wordpress\/ -->\n<title>H\u00e9bergement \u00e0 Torres del Paine | Howlanders Blog<\/title>\n<meta name=\"description\" content=\"D\u00e9couvrez les options d&#039;h\u00e9bergement \u00e0 Torres del Paine : refuges confortables, campings en pleine nature et glamping.\" \/>\n<meta name=\"robots\" content=\"index, follow, max-snippet:-1, max-image-preview:large, max-video-preview:-1\" \/>\n<link rel=\"canonical\" href=\"https:\/\/blog.howlanders.com\/fr\/hebergement-torres-del-paine\/\" \/>\n<meta property=\"og:locale\" content=\"fr_FR\" \/>\n<meta property=\"og:type\" content=\"article\" \/>\n<meta property=\"og:title\" content=\"H\u00e9bergement \u00e0 Torres del Paine | Howlanders Blog\" \/>\n<meta property=\"og:description\" content=\"D\u00e9couvrez les options d&#039;h\u00e9bergement \u00e0 Torres del Paine : refuges confortables, campings en pleine nature et glamping.\" \/>\n<meta property=\"og:url\" content=\"https:\/\/blog.howlanders.com\/fr\/hebergement-torres-del-paine\/\" \/>\n<meta property=\"og:site_name\" content=\"Howlanders Blog\" \/>\n<meta property=\"article:publisher\" content=\"https:\/\/www.facebook.com\/howlanders\" \/>\n<meta property=\"article:modified_time\" content=\"2025-11-28T15:17:17+00:00\" \/>\n<meta property=\"og:image\" content=\"https:\/\/blog.howlanders.com\/wp-content\/uploads\/2025\/05\/generate-a-captivating-featured-image-for-a-blog-post-about.png\" \/>\n\t<meta property=\"og:image:width\" content=\"1024\" \/>\n\t<meta property=\"og:image:height\" content=\"768\" \/>\n\t<meta property=\"og:image:type\" content=\"image\/png\" \/>\n<meta name=\"twitter:card\" content=\"summary_large_image\" \/>\n<meta name=\"twitter:site\" content=\"@howlanders\" \/>\n<meta name=\"twitter:label1\" content=\"Dur\u00e9e de lecture estim\u00e9e\" \/>\n\t<meta name=\"twitter:data1\" content=\"6 minutes\" \/>\n<script type=\"application\/ld+json\" class=\"yoast-schema-graph\">{\"@context\":\"https:\\\/\\\/schema.org\",\"@graph\":[{\"@type\":\"WebPage\",\"@id\":\"https:\\\/\\\/blog.howlanders.com\\\/fr\\\/hebergement-torres-del-paine\\\/\",\"url\":\"https:\\\/\\\/blog.howlanders.com\\\/fr\\\/hebergement-torres-del-paine\\\/\",\"name\":\"H\u00e9bergement \u00e0 Torres del Paine | Howlanders Blog\",\"isPartOf\":{\"@id\":\"https:\\\/\\\/blog.howlanders.com\\\/fr\\\/#website\"},\"primaryImageOfPage\":{\"@id\":\"https:\\\/\\\/blog.howlanders.com\\\/fr\\\/hebergement-torres-del-paine\\\/#primaryimage\"},\"image\":{\"@id\":\"https:\\\/\\\/blog.howlanders.com\\\/fr\\\/hebergement-torres-del-paine\\\/#primaryimage\"},\"thumbnailUrl\":\"https:\\\/\\\/i0.wp.com\\\/blog.howlanders.com\\\/wp-content\\\/uploads\\\/2025\\\/05\\\/generate-a-captivating-featured-image-for-a-blog-post-about.png?fit=1024%2C768&ssl=1\",\"datePublished\":\"2025-05-13T12:00:00+00:00\",\"dateModified\":\"2025-11-28T15:17:17+00:00\",\"description\":\"D\u00e9couvrez les options d'h\u00e9bergement \u00e0 Torres del Paine : refuges confortables, campings en pleine nature et glamping.\",\"breadcrumb\":{\"@id\":\"https:\\\/\\\/blog.howlanders.com\\\/fr\\\/hebergement-torres-del-paine\\\/#breadcrumb\"},\"inLanguage\":\"fr-FR\",\"potentialAction\":[{\"@type\":\"ReadAction\",\"target\":[\"https:\\\/\\\/blog.howlanders.com\\\/fr\\\/hebergement-torres-del-paine\\\/\"]}]},{\"@type\":\"ImageObject\",\"inLanguage\":\"fr-FR\",\"@id\":\"https:\\\/\\\/blog.howlanders.com\\\/fr\\\/hebergement-torres-del-paine\\\/#primaryimage\",\"url\":\"https:\\\/\\\/i0.wp.com\\\/blog.howlanders.com\\\/wp-content\\\/uploads\\\/2025\\\/05\\\/generate-a-captivating-featured-image-for-a-blog-post-about.png?fit=1024%2C768&ssl=1\",\"contentUrl\":\"https:\\\/\\\/i0.wp.com\\\/blog.howlanders.com\\\/wp-content\\\/uploads\\\/2025\\\/05\\\/generate-a-captivating-featured-image-for-a-blog-post-about.png?fit=1024%2C768&ssl=1\",\"width\":1024,\"height\":768},{\"@type\":\"BreadcrumbList\",\"@id\":\"https:\\\/\\\/blog.howlanders.com\\\/fr\\\/hebergement-torres-del-paine\\\/#breadcrumb\",\"itemListElement\":[{\"@type\":\"ListItem\",\"position\":1,\"name\":\"Inicio\",\"item\":\"https:\\\/\\\/blog.howlanders.com\\\/fr\\\/\"},{\"@type\":\"ListItem\",\"position\":2,\"name\":\"H\u00e9bergement \u00e0 Torres del Paine\"}]},{\"@type\":\"WebSite\",\"@id\":\"https:\\\/\\\/blog.howlanders.com\\\/fr\\\/#website\",\"url\":\"https:\\\/\\\/blog.howlanders.com\\\/fr\\\/\",\"name\":\"Howlanders Blog\",\"description\":\"Les meilleures aventures dans la nature v\u00e9cues et racont\u00e9es par d'autres voyageurs\",\"publisher\":{\"@id\":\"https:\\\/\\\/blog.howlanders.com\\\/fr\\\/#organization\"},\"potentialAction\":[{\"@type\":\"SearchAction\",\"target\":{\"@type\":\"EntryPoint\",\"urlTemplate\":\"https:\\\/\\\/blog.howlanders.com\\\/fr\\\/?s={search_term_string}\"},\"query-input\":{\"@type\":\"PropertyValueSpecification\",\"valueRequired\":true,\"valueName\":\"search_term_string\"}}],\"inLanguage\":\"fr-FR\"},{\"@type\":\"Organization\",\"@id\":\"https:\\\/\\\/blog.howlanders.com\\\/fr\\\/#organization\",\"name\":\"Howlanders\",\"url\":\"https:\\\/\\\/blog.howlanders.com\\\/fr\\\/\",\"logo\":{\"@type\":\"ImageObject\",\"inLanguage\":\"fr-FR\",\"@id\":\"https:\\\/\\\/blog.howlanders.com\\\/fr\\\/#\\\/schema\\\/logo\\\/image\\\/\",\"url\":\"https:\\\/\\\/i0.wp.com\\\/blog.howlanders.com\\\/wp-content\\\/uploads\\\/2021\\\/01\\\/logo-howlanders.png?fit=64%2C63&ssl=1\",\"contentUrl\":\"https:\\\/\\\/i0.wp.com\\\/blog.howlanders.com\\\/wp-content\\\/uploads\\\/2021\\\/01\\\/logo-howlanders.png?fit=64%2C63&ssl=1\",\"width\":64,\"height\":63,\"caption\":\"Howlanders\"},\"image\":{\"@id\":\"https:\\\/\\\/blog.howlanders.com\\\/fr\\\/#\\\/schema\\\/logo\\\/image\\\/\"},\"sameAs\":[\"https:\\\/\\\/www.facebook.com\\\/howlanders\",\"https:\\\/\\\/x.com\\\/howlanders\"]}]}<\/script>\n<!-- \/ Yoast SEO plugin. -->","yoast_head_json":{"title":"H\u00e9bergement \u00e0 Torres del Paine | Howlanders Blog","description":"D\u00e9couvrez les options d'h\u00e9bergement \u00e0 Torres del Paine : refuges confortables, campings en pleine nature et glamping.","robots":{"index":"index","follow":"follow","max-snippet":"max-snippet:-1","max-image-preview":"max-image-preview:large","max-video-preview":"max-video-preview:-1"},"canonical":"https:\/\/blog.howlanders.com\/fr\/hebergement-torres-del-paine\/","og_locale":"fr_FR","og_type":"article","og_title":"H\u00e9bergement \u00e0 Torres del Paine | Howlanders Blog","og_description":"D\u00e9couvrez les options d'h\u00e9bergement \u00e0 Torres del Paine : refuges confortables, campings en pleine nature et glamping.","og_url":"https:\/\/blog.howlanders.com\/fr\/hebergement-torres-del-paine\/","og_site_name":"Howlanders Blog","article_publisher":"https:\/\/www.facebook.com\/howlanders","article_modified_time":"2025-11-28T15:17:17+00:00","og_image":[{"width":1024,"height":768,"url":"https:\/\/blog.howlanders.com\/wp-content\/uploads\/2025\/05\/generate-a-captivating-featured-image-for-a-blog-post-about.png","type":"image\/png"}],"twitter_card":"summary_large_image","twitter_site":"@howlanders","twitter_misc":{"Dur\u00e9e de lecture estim\u00e9e":"6 minutes"},"schema":{"@context":"https:\/\/schema.org","@graph":[{"@type":"WebPage","@id":"https:\/\/blog.howlanders.com\/fr\/hebergement-torres-del-paine\/","url":"https:\/\/blog.howlanders.com\/fr\/hebergement-torres-del-paine\/","name":"H\u00e9bergement \u00e0 Torres del Paine | Howlanders Blog","isPartOf":{"@id":"https:\/\/blog.howlanders.com\/fr\/#website"},"primaryImageOfPage":{"@id":"https:\/\/blog.howlanders.com\/fr\/hebergement-torres-del-paine\/#primaryimage"},"image":{"@id":"https:\/\/blog.howlanders.com\/fr\/hebergement-torres-del-paine\/#primaryimage"},"thumbnailUrl":"https:\/\/i0.wp.com\/blog.howlanders.com\/wp-content\/uploads\/2025\/05\/generate-a-captivating-featured-image-for-a-blog-post-about.png?fit=1024%2C768&ssl=1","datePublished":"2025-05-13T12:00:00+00:00","dateModified":"2025-11-28T15:17:17+00:00","description":"D\u00e9couvrez les options d'h\u00e9bergement \u00e0 Torres del Paine : refuges confortables, campings en pleine nature et glamping.","breadcrumb":{"@id":"https:\/\/blog.howlanders.com\/fr\/hebergement-torres-del-paine\/#breadcrumb"},"inLanguage":"fr-FR","potentialAction":[{"@type":"ReadAction","target":["https:\/\/blog.howlanders.com\/fr\/hebergement-torres-del-paine\/"]}]},{"@type":"ImageObject","inLanguage":"fr-FR","@id":"https:\/\/blog.howlanders.com\/fr\/hebergement-torres-del-paine\/#primaryimage","url":"https:\/\/i0.wp.com\/blog.howlanders.com\/wp-content\/uploads\/2025\/05\/generate-a-captivating-featured-image-for-a-blog-post-about.png?fit=1024%2C768&ssl=1","contentUrl":"https:\/\/i0.wp.com\/blog.howlanders.com\/wp-content\/uploads\/2025\/05\/generate-a-captivating-featured-image-for-a-blog-post-about.png?fit=1024%2C768&ssl=1","width":1024,"height":768},{"@type":"BreadcrumbList","@id":"https:\/\/blog.howlanders.com\/fr\/hebergement-torres-del-paine\/#breadcrumb","itemListElement":[{"@type":"ListItem","position":1,"name":"Inicio","item":"https:\/\/blog.howlanders.com\/fr\/"},{"@type":"ListItem","position":2,"name":"H\u00e9bergement \u00e0 Torres del Paine"}]},{"@type":"WebSite","@id":"https:\/\/blog.howlanders.com\/fr\/#website","url":"https:\/\/blog.howlanders.com\/fr\/","name":"Howlanders Blog","description":"Les meilleures aventures dans la nature v\u00e9cues et racont\u00e9es par d'autres voyageurs","publisher":{"@id":"https:\/\/blog.howlanders.com\/fr\/#organization"},"potentialAction":[{"@type":"SearchAction","target":{"@type":"EntryPoint","urlTemplate":"https:\/\/blog.howlanders.com\/fr\/?s={search_term_string}"},"query-input":{"@type":"PropertyValueSpecification","valueRequired":true,"valueName":"search_term_string"}}],"inLanguage":"fr-FR"},{"@type":"Organization","@id":"https:\/\/blog.howlanders.com\/fr\/#organization","name":"Howlanders","url":"https:\/\/blog.howlanders.com\/fr\/","logo":{"@type":"ImageObject","inLanguage":"fr-FR","@id":"https:\/\/blog.howlanders.com\/fr\/#\/schema\/logo\/image\/","url":"https:\/\/i0.wp.com\/blog.howlanders.com\/wp-content\/uploads\/2021\/01\/logo-howlanders.png?fit=64%2C63&ssl=1","contentUrl":"https:\/\/i0.wp.com\/blog.howlanders.com\/wp-content\/uploads\/2021\/01\/logo-howlanders.png?fit=64%2C63&ssl=1","width":64,"height":63,"caption":"Howlanders"},"image":{"@id":"https:\/\/blog.howlanders.com\/fr\/#\/schema\/logo\/image\/"},"sameAs":["https:\/\/www.facebook.com\/howlanders","https:\/\/x.com\/howlanders"]}]}},"jetpack_shortlink":"https:\/\/wp.me\/PfY61W-9zv","jetpack_sharing_enabled":true,"_links":{"self":[{"href":"https:\/\/blog.howlanders.com\/fr\/wp-json\/wp\/v2\/pages\/36797","targetHints":{"allow":["GET"]}}],"collection":[{"href":"https:\/\/blog.howlanders.com\/fr\/wp-json\/wp\/v2\/pages"}],"about":[{"href":"https:\/\/blog.howlanders.com\/fr\/wp-json\/wp\/v2\/types\/page"}],"author":[{"embeddable":true,"href":"https:\/\/blog.howlanders.com\/fr\/wp-json\/wp\/v2\/users\/31"}],"replies":[{"embeddable":true,"href":"https:\/\/blog.howlanders.com\/fr\/wp-json\/wp\/v2\/comments?post=36797"}],"version-history":[{"count":17,"href":"https:\/\/blog.howlanders.com\/fr\/wp-json\/wp\/v2\/pages\/36797\/revisions"}],"predecessor-version":[{"id":40492,"href":"https:\/\/blog.howlanders.com\/fr\/wp-json\/wp\/v2\/pages\/36797\/revisions\/40492"}],"wp:featuredmedia":[{"embeddable":true,"href":"https:\/\/blog.howlanders.com\/fr\/wp-json\/wp\/v2\/media\/36777"}],"wp:attachment":[{"href":"https:\/\/blog.howlanders.com\/fr\/wp-json\/wp\/v2\/media?parent=36797"}],"curies":[{"name":"wp","href":"https:\/\/api.w.org\/{rel}","templated":true}]}}