{"id":36807,"date":"2025-05-13T08:00:00","date_gmt":"2025-05-13T12:00:00","guid":{"rendered":"https:\/\/blog.howlanders.com\/alojamiento-torres-del-paine\/"},"modified":"2025-11-28T16:27:38","modified_gmt":"2025-11-28T15:27:38","slug":"acomodacoes-torres-del-paine","status":"publish","type":"page","link":"https:\/\/blog.howlanders.com\/pt-br\/acomodacoes-torres-del-paine\/","title":{"rendered":"Acomoda\u00e7\u00f5es em Torres del Paine"},"content":{"rendered":"\n<p class=\"has-text-align-justify\">A hospedagem em Torres del Paine pode ser em <strong>ref\u00fagios<\/strong>, <strong>campings<\/strong> ou uma combina\u00e7\u00e3o de ambos. Isso vai depender do percurso que voc\u00ea escolher e dos seus interesses ou necessidades \u2014 voc\u00ea se hospedar\u00e1 em um ou outro conforme o caso. Neste blog, contamos tudo sobre os ref\u00fagios e campings em Torres del Paine com base na nossa experi\u00eancia.<\/p>\n\n\n\n<p class=\"has-text-align-justify\">Antes de mais nada, antes de escolher o tipo de hospedagem ideal em Torres del Paine, \u00e9 importante entender que o <strong>Parque Nacional Torres del Paine<\/strong>, localizado na Patag\u00f4nia chilena, est\u00e1 dividido em diversos setores principais, cada um com caracter\u00edsticas espec\u00edficas e atra\u00e7\u00f5es \u00fanicas. Esses setores s\u00e3o fundamentais para organizar e planejar sua visita ao parque \u2014 seja para fazer trilhas, aproveitar a natureza ou realizar expedi\u00e7\u00f5es mais longas. A seguir, detalhamos os diferentes setores:<\/p>\n\n\n\n<h3 class=\"wp-block-heading has-text-align-justify\"><strong>Setores<\/strong><\/h3>\n\n\n\n<ul class=\"wp-block-list\">\n<li>Setor Ser\u00f3n<\/li>\n\n\n\n<li>Setor Dickson<\/li>\n\n\n\n<li>Setor Los Perros<\/li>\n\n\n\n<li>Setor Grey<\/li>\n\n\n\n<li>Setor Paine Grande<\/li>\n\n\n\n<li>Setor Franc\u00e9s<\/li>\n\n\n\n<li>Setor Cuernos<\/li>\n\n\n\n<li>Setor Chileno<\/li>\n\n\n\n<li>Setor Central<\/li>\n<\/ul>\n\n\n\n<p>Em cada setor encontramos campings e ref\u00fagios, exceto nos setores Chileno, Los Perros e Ser\u00f3n, que contam apenas com camping.<\/p>\n\n\n\n<p>Os ref\u00fagios possuem amplas \u00e1reas comuns, bar e refeit\u00f3rio, que tamb\u00e9m podem ser utilizados pelos viajantes que optam por ficar em camping. Os quartos s\u00e3o compartilhados com aproximadamente 6 pessoas e contam com boas camas, luz de leitura e tomada ao lado da cama.<\/p>\n\n\n\n<p>Por outro lado, se voc\u00ea reservar hospedagem em camping, tudo estar\u00e1 pronto na sua chegada \u2014 ou seja, voc\u00ea n\u00e3o precisa carregar equipamento na mochila.<\/p>\n\n\n\n<p>Existem dois tipos de camping no parque: em alguns setores, as barracas s\u00e3o montadas sobre plataformas de madeira; em outros, s\u00e3o do tipo \u201cglamping\u201d \u2014 barracas amplas, elevadas do ch\u00e3o, muito semelhantes \u00e0s usadas em saf\u00e1ris sobre ve\u00edculos 4&#215;4. Al\u00e9m disso, todos os campings contam com banheiros e chuveiros pr\u00f3prios (com hor\u00e1rio limitado), al\u00e9m de uma cozinha comum. No entanto, em nossos <a href=\"https:\/\/www.howlanders.com\/br\/tours-chile\/puerto-natales\" target=\"_blank\" rel=\"noreferrer noopener\">circuitos por Torres del Paine<\/a>, todas as refei\u00e7\u00f5es est\u00e3o inclu\u00eddas, ent\u00e3o voc\u00ea n\u00e3o precisa se preocupar em cozinhar.<\/p>\n\n\n\n<p>A seguir, detalhamos os campings e ref\u00fagios que visitamos durante a nossa experi\u00eancia em Torres del Paine:<\/p>\n\n\n\n<h2 class=\"wp-block-heading\">Hospedagem em ref\u00fagios em Torres del Paine<\/h2>\n\n\n\n<p class=\"has-text-align-justify\">Nos ref\u00fagios, os quartos contam com 4 ou 6 camas. A exce\u00e7\u00e3o \u00e9 o Domos Franc\u00e9s, onde cada quarto possui 8 camas. Todos os setores com ref\u00fagio t\u00eam acesso a banheiros, chuveiros com \u00e1gua quente e \u00e1reas comuns para as refei\u00e7\u00f5es. Nos ref\u00fagios tamb\u00e9m \u00e9 poss\u00edvel adquirir Wi-Fi pr\u00e9-pago no local.<\/p>\n\n\n\n<p class=\"has-text-align-justify\">Ap\u00f3s a caminhada do dia, voc\u00ea ter\u00e1 tempo livre at\u00e9 a hora do jantar e poder\u00e1 aproveitar para conhecer outros viajantes nas \u00e1reas comuns. Alguns aproveitam para explorar a regi\u00e3o, enquanto outros preferem tomar uma bebida no terra\u00e7o do bar e apreciar a paisagem.<\/p>\n\n\n\n<div class=\"wp-block-columns custom-columns is-layout-flex wp-container-core-columns-is-layout-9d6595d7 wp-block-columns-is-layout-flex\">\n<div class=\"wp-block-column is-layout-flow wp-block-column-is-layout-flow\">\n<h3 class=\"wp-block-heading has-ast-global-color-3-color has-text-color has-link-color wp-elements-2b2fd79a392a8895e69cb8b145ff6810\"><a href=\"https:\/\/blog.howlanders.com\/pt-br\/chile\/torres-del-paine\/refugio-central\/\" target=\"_blank\" rel=\"noreferrer noopener\">Refugio Central<\/a><\/h3>\n\n\n\n<figure class=\"wp-block-image wp-duotone-unset-1\"><a href=\"https:\/\/blog.howlanders.com\/pt-br\/chile\/torres-del-paine\/refugio-central\/\"><img data-recalc-dims=\"1\" decoding=\"async\" src=\"https:\/\/i0.wp.com\/blog.howlanders.com\/wp-content\/uploads\/2023\/02\/refugio-central-torres-paine.jpg?w=640&#038;ssl=1\" alt=\"Ref\u00fagio Central \u2013 hospedagem no Parque Nacional Torres del Paine\" style=\"aspect-ratio:16\/9;object-fit:cover\"\/><\/a><\/figure>\n<\/div>\n\n\n\n<div class=\"wp-block-column is-layout-flow wp-block-column-is-layout-flow\">\n<h3 class=\"wp-block-heading has-ast-global-color-3-color has-text-color has-link-color wp-elements-b996517c6208c971b50341f3b48744fe\"><a href=\"https:\/\/blog.howlanders.com\/pt-br\/chile\/torres-del-paine\/refugio-paine-grande\/\" target=\"_blank\" rel=\"noreferrer noopener\">Refugio Paine Grande<\/a><\/h3>\n\n\n\n<figure class=\"wp-block-image\"><a href=\"https:\/\/blog.howlanders.com\/pt-br\/chile\/torres-del-paine\/refugio-paine-grande\/\"><img data-recalc-dims=\"1\" decoding=\"async\" src=\"https:\/\/i0.wp.com\/blog.howlanders.com\/wp-content\/uploads\/2023\/02\/refugio-paine-grande-torres-paine.jpg?w=640&#038;ssl=1\" alt=\"Vistas a partir do Ref\u00fagio Paine Grande\" style=\"aspect-ratio:16\/9;object-fit:cover\"\/><\/a><\/figure>\n<\/div>\n<\/div>\n\n\n\n<div class=\"wp-block-columns custom-columns is-layout-flex wp-container-core-columns-is-layout-9d6595d7 wp-block-columns-is-layout-flex\">\n<div class=\"wp-block-column is-layout-flow wp-block-column-is-layout-flow\">\n<h3 class=\"wp-block-heading has-ast-global-color-3-color has-text-color has-link-color wp-elements-d4e51de2e190c0fd911ccca2456a8dab\"><a href=\"https:\/\/blog.howlanders.com\/pt-br\/chile\/torres-del-paine\/refugio-cuernos\/\" target=\"_blank\" rel=\"noreferrer noopener\">Refugio Cuernos<\/a><\/h3>\n\n\n\n<figure class=\"wp-block-image\"><a href=\"https:\/\/blog.howlanders.com\/pt-br\/chile\/torres-del-paine\/refugio-cuernos\/\"><img data-recalc-dims=\"1\" decoding=\"async\" src=\"https:\/\/i0.wp.com\/blog.howlanders.com\/wp-content\/uploads\/2023\/02\/refugio-cuernos-torres-paine.jpg?w=640&#038;ssl=1\" alt=\"Exterior do Ref\u00fagio Cuernos \u2013 hospedagem no Parque Nacional Torres del Paine\" style=\"aspect-ratio:16\/9;object-fit:cover\"\/><\/a><\/figure>\n<\/div>\n\n\n\n<div class=\"wp-block-column is-layout-flow wp-block-column-is-layout-flow\">\n<h3 class=\"wp-block-heading has-ast-global-color-3-color has-text-color has-link-color wp-elements-401302d7e6f86d213bf25427a04eb82b\"><a href=\"https:\/\/blog.howlanders.com\/pt-br\/chile\/torres-del-paine\/refugio-dickson\/\" target=\"_blank\" rel=\"noreferrer noopener\">Refugio Dickson<\/a><\/h3>\n\n\n\n<figure class=\"wp-block-image\"><a href=\"https:\/\/blog.howlanders.com\/pt-br\/chile\/torres-del-paine\/refugio-dickson\/\"><img data-recalc-dims=\"1\" decoding=\"async\" src=\"https:\/\/i0.wp.com\/blog.howlanders.com\/wp-content\/uploads\/2023\/02\/refugio-dickson-torres-paine.jpg?w=640&#038;ssl=1\" alt=\"Vista panor\u00e2mica do Ref\u00fagio Dickson \u2013 hospedagem no Parque Nacional Torres del Paine\" style=\"aspect-ratio:16\/9;object-fit:cover\"\/><\/a><\/figure>\n<\/div>\n<\/div>\n\n\n\n<div class=\"wp-block-columns are-vertically-aligned-top custom-columns is-layout-flex wp-container-core-columns-is-layout-9d6595d7 wp-block-columns-is-layout-flex\">\n<div class=\"wp-block-column is-vertically-aligned-top is-layout-flow wp-block-column-is-layout-flow\">\n<h3 class=\"wp-block-heading has-ast-global-color-3-color has-text-color has-link-color wp-elements-a5fddf9db59d6a082b8e3a8caa738f6f\"><a href=\"https:\/\/blog.howlanders.com\/pt-br\/chile\/torres-del-paine\/refugio-frances\/\" target=\"_blank\" rel=\"noreferrer noopener\">Refugio Franc\u00e9s<\/a><\/h3>\n\n\n\n<figure class=\"wp-block-image\"><a href=\"https:\/\/blog.howlanders.com\/pt-br\/chile\/torres-del-paine\/refugio-frances\/\"><img data-recalc-dims=\"1\" decoding=\"async\" src=\"https:\/\/i0.wp.com\/blog.howlanders.com\/wp-content\/uploads\/2023\/02\/refugio-los-perros.jpg?w=640&#038;ssl=1\" alt=\"Caminhantes no Ref\u00fagio Franc\u00e9s\" style=\"aspect-ratio:16\/9;object-fit:cover\"\/><\/a><\/figure>\n<\/div>\n\n\n\n<div class=\"wp-block-column is-vertically-aligned-top is-layout-flow wp-block-column-is-layout-flow\">\n<h3 class=\"wp-block-heading has-ast-global-color-3-color has-text-color has-link-color wp-elements-cfa7692df0942a619c25cd3b771322c9\"><a href=\"https:\/\/blog.howlanders.com\/pt-br\/chile\/torres-del-paine\/refugio-grey-torres-del-paine\/\" target=\"_blank\" rel=\"noreferrer noopener\">Refugio Grey<\/a><\/h3>\n\n\n\n<figure class=\"wp-block-image\"><a href=\"https:\/\/blog.howlanders.com\/pt-br\/chile\/torres-del-paine\/refugio-grey-torres-del-paine\/\"><img data-recalc-dims=\"1\" decoding=\"async\" src=\"https:\/\/i0.wp.com\/blog.howlanders.com\/wp-content\/uploads\/2023\/02\/refugio-grey-torres-paine.jpg?w=640&#038;ssl=1\" alt=\"Exterior do Ref\u00fagio Grey\" style=\"aspect-ratio:16\/9;object-fit:cover\"\/><\/a><\/figure>\n<\/div>\n<\/div>\n\n\n\n<h2 class=\"wp-block-heading\">Hospedagem em campings em Torres del Paine<\/h2>\n\n\n\n<p class=\"has-text-align-justify\">Por outro lado, como mencionamos anteriormente, os campings do parque Torres del Paine incluem barracas j\u00e1 montadas, sacos de dormir e isolantes t\u00e9rmicos, ent\u00e3o voc\u00ea n\u00e3o precisa se preocupar em levar nada disso na bagagem. Nos setores Ser\u00f3n, Cuernos\/Franc\u00e9s e Central\/Chileno, as barracas s\u00e3o do tipo \u201csafari\u201d, enquanto nos setores Dickson, Perros, Grey e Paine Grande, s\u00e3o barracas tradicionais.<\/p>\n\n\n\n<p>Todas as barracas t\u00eam capacidade para 2 pessoas, mas, se voc\u00ea estiver viajando sozinho e escolher esse tipo de hospedagem, ser\u00e1 atribu\u00edda uma barraca s\u00f3 para voc\u00ea.<\/p>\n\n\n\n<p class=\"has-text-align-justify\">Sem d\u00favida, se o seu objetivo \u00e9 se conectar com a natureza, essa \u00e9 a melhor op\u00e7\u00e3o. Acordar pela manh\u00e3, abrir a barraca e sentir a magia da paisagem ao redor do parque \u00e9 uma experi\u00eancia \u00fanica e inesquec\u00edvel.<\/p>\n\n\n\n<div class=\"wp-block-columns custom-columns is-layout-flex wp-container-core-columns-is-layout-9d6595d7 wp-block-columns-is-layout-flex\">\n<div class=\"wp-block-column is-layout-flow wp-block-column-is-layout-flow\">\n<h3 class=\"wp-block-heading has-ast-global-color-3-color has-text-color has-link-color wp-elements-6e01ec03937b73c939047e46bf3752c1\"><span style=\"text-decoration: underline;\"><a href=\"https:\/\/blog.howlanders.com\/pt-br\/chile\/torres-del-paine\/camping-chileno\/\">Camping Chileno<\/a><\/span><\/h3>\n\n\n\n<figure class=\"wp-block-image\"><a href=\"https:\/\/blog.howlanders.com\/chile\/refugio-chileno\/\"><img data-recalc-dims=\"1\" decoding=\"async\" src=\"https:\/\/i0.wp.com\/blog.howlanders.com\/wp-content\/uploads\/2023\/02\/refugio-chileno-torres-paine.jpg?w=640&#038;ssl=1\" alt=\"Ref\u00fagio Chileno \u2013 hospedagem no Parque Nacional Torres del Paine\" style=\"aspect-ratio:16\/9;object-fit:cover\"\/><\/a><\/figure>\n<\/div>\n\n\n\n<div class=\"wp-block-column is-layout-flow wp-block-column-is-layout-flow\">\n<h3 class=\"wp-block-heading has-ast-global-color-3-color has-text-color has-link-color wp-elements-67e1c9ae77f99e77f56b710459dd6fa1\"><\/h3>\n<\/div>\n<\/div>\n\n\n\n<div class=\"wp-block-columns custom-columns is-layout-flex wp-container-core-columns-is-layout-9d6595d7 wp-block-columns-is-layout-flex\">\n<div class=\"wp-block-column is-layout-flow wp-block-column-is-layout-flow\">\n<h3 class=\"wp-block-heading has-ast-global-color-3-color has-text-color has-link-color wp-elements-b8d3a6f13f1bcfc45587e3755ebf740b\"><a href=\"https:\/\/blog.howlanders.com\/pt-br\/chile\/torres-del-paine\/camping-los-perros\/\" target=\"_blank\" rel=\"noreferrer noopener\">Camping Los Perros<\/a><\/h3>\n\n\n\n<figure class=\"wp-block-image\"><a href=\"https:\/\/blog.howlanders.com\/pt-br\/chile\/torres-del-paine\/camping-los-perros\/\"><img data-recalc-dims=\"1\" decoding=\"async\" src=\"https:\/\/i0.wp.com\/blog.howlanders.com\/wp-content\/uploads\/2023\/02\/camping-los-perros-1.jpg?w=640&#038;ssl=1\" alt=\"Acesso ao camping Los Perros \u2013 hospedagem no Parque Nacional Torres del Paine\" style=\"aspect-ratio:16\/9;object-fit:cover\"\/><\/a><\/figure>\n<\/div>\n\n\n\n<div class=\"wp-block-column is-vertically-aligned-top is-layout-flow wp-block-column-is-layout-flow\">\n<h3 class=\"wp-block-heading has-ast-global-color-3-color has-text-color has-link-color wp-elements-6825acc0fd76773b175f68d567b8051b\"><a href=\"https:\/\/blog.howlanders.com\/pt-br\/chile\/torres-del-paine\/camping-seron\/\" target=\"_blank\" rel=\"noreferrer noopener\">Camping Ser\u00f3n<\/a><\/h3>\n\n\n\n<figure class=\"wp-block-image\"><a href=\"https:\/\/blog.howlanders.com\/pt-br\/chile\/torres-del-paine\/camping-seron\/\"><img data-recalc-dims=\"1\" decoding=\"async\" src=\"https:\/\/i0.wp.com\/blog.howlanders.com\/wp-content\/uploads\/2023\/02\/camping-seron-torres-paine.jpg?w=640&#038;ssl=1\" alt=\"Vista a\u00e9rea do camping Ser\u00f3n \u2013 hospedagem no Parque Nacional Torres del Paine\" style=\"aspect-ratio:16\/9;object-fit:cover\"\/><\/a><\/figure>\n<\/div>\n<\/div>\n\n\n\n<div style=\"height:50px\" aria-hidden=\"true\" class=\"wp-block-spacer\"><\/div>\n\n\n\n<h2 class=\"wp-block-heading\">Comparte tu opini\u00f3n sobre el alojamiento en Torres del Paine con otros viajeros<\/h2>\n\n\n\n<p>\u00bfTienes cualquier duda de los alojamientos? \u00bfHas viajado a Torres del Paine y quieres dar tu opini\u00f3n o consejos para futuros viajeros? \u00a1D\u00e9janos tu comentario!<\/p>\n\n\n\n<div style=\"height:50px\" aria-hidden=\"true\" class=\"wp-block-spacer\"><\/div>\n","protected":false},"excerpt":{"rendered":"<p>A hospedagem em Torres del Paine pode ser em ref\u00fagios, campings ou uma combina\u00e7\u00e3o de ambos. Isso vai depender do percurso que voc\u00ea escolher e dos seus interesses ou necessidades \u2014 voc\u00ea se hospedar\u00e1 em um ou outro conforme o caso. Neste blog, contamos tudo sobre os ref\u00fagios e campings em Torres del Paine com [&hellip;]<\/p>\n","protected":false},"author":22,"featured_media":36780,"parent":0,"menu_order":0,"comment_status":"open","ping_status":"closed","template":"","meta":{"footnotes":""},"class_list":["post-36807","page","type-page","status-publish","has-post-thumbnail","hentry"],"yoast_head":"<!-- This site is optimized with the Yoast SEO plugin v27.5 - https:\/\/yoast.com\/product\/yoast-seo-wordpress\/ -->\n<title>Acomoda\u00e7\u00f5es em Torres del Paine<\/title>\n<meta name=\"description\" content=\"Descubra as op\u00e7\u00f5es de acomoda\u00e7\u00e3o em Torres del Paine: ref\u00fagios confort\u00e1veis, campings tradicionais e glamping.\" \/>\n<meta name=\"robots\" content=\"index, follow, max-snippet:-1, max-image-preview:large, max-video-preview:-1\" \/>\n<link rel=\"canonical\" href=\"https:\/\/blog.howlanders.com\/pt-br\/acomodacoes-torres-del-paine\/\" \/>\n<meta property=\"og:locale\" content=\"pt_BR\" \/>\n<meta property=\"og:type\" content=\"article\" \/>\n<meta property=\"og:title\" content=\"Acomoda\u00e7\u00f5es em Torres del Paine\" \/>\n<meta property=\"og:description\" content=\"Descubra as op\u00e7\u00f5es de acomoda\u00e7\u00e3o em Torres del Paine: ref\u00fagios confort\u00e1veis, campings tradicionais e glamping.\" \/>\n<meta property=\"og:url\" content=\"https:\/\/blog.howlanders.com\/pt-br\/acomodacoes-torres-del-paine\/\" \/>\n<meta property=\"og:site_name\" content=\"Howlanders Blog\" \/>\n<meta property=\"article:publisher\" content=\"https:\/\/www.facebook.com\/howlanders\" \/>\n<meta property=\"article:modified_time\" content=\"2025-11-28T15:27:38+00:00\" \/>\n<meta property=\"og:image\" content=\"https:\/\/blog.howlanders.com\/wp-content\/uploads\/2025\/05\/generate-a-captivating-featured-image-for-a-blog-post-about.png\" \/>\n\t<meta property=\"og:image:width\" content=\"1024\" \/>\n\t<meta property=\"og:image:height\" content=\"768\" \/>\n\t<meta property=\"og:image:type\" content=\"image\/png\" \/>\n<meta name=\"twitter:card\" content=\"summary_large_image\" \/>\n<meta name=\"twitter:site\" content=\"@howlanders\" \/>\n<meta name=\"twitter:label1\" content=\"Est. tempo de leitura\" \/>\n\t<meta name=\"twitter:data1\" content=\"5 minutos\" \/>\n<script type=\"application\/ld+json\" class=\"yoast-schema-graph\">{\"@context\":\"https:\\\/\\\/schema.org\",\"@graph\":[{\"@type\":\"WebPage\",\"@id\":\"https:\\\/\\\/blog.howlanders.com\\\/pt-br\\\/acomodacoes-torres-del-paine\\\/\",\"url\":\"https:\\\/\\\/blog.howlanders.com\\\/pt-br\\\/acomodacoes-torres-del-paine\\\/\",\"name\":\"Acomoda\u00e7\u00f5es em Torres del Paine\",\"isPartOf\":{\"@id\":\"https:\\\/\\\/blog.howlanders.com\\\/pt-br\\\/#website\"},\"primaryImageOfPage\":{\"@id\":\"https:\\\/\\\/blog.howlanders.com\\\/pt-br\\\/acomodacoes-torres-del-paine\\\/#primaryimage\"},\"image\":{\"@id\":\"https:\\\/\\\/blog.howlanders.com\\\/pt-br\\\/acomodacoes-torres-del-paine\\\/#primaryimage\"},\"thumbnailUrl\":\"https:\\\/\\\/i0.wp.com\\\/blog.howlanders.com\\\/wp-content\\\/uploads\\\/2025\\\/05\\\/generate-a-captivating-featured-image-for-a-blog-post-about.png?fit=1024%2C768&ssl=1\",\"datePublished\":\"2025-05-13T12:00:00+00:00\",\"dateModified\":\"2025-11-28T15:27:38+00:00\",\"description\":\"Descubra as op\u00e7\u00f5es de acomoda\u00e7\u00e3o em Torres del Paine: ref\u00fagios confort\u00e1veis, campings tradicionais e glamping.\",\"breadcrumb\":{\"@id\":\"https:\\\/\\\/blog.howlanders.com\\\/pt-br\\\/acomodacoes-torres-del-paine\\\/#breadcrumb\"},\"inLanguage\":\"pt-BR\",\"potentialAction\":[{\"@type\":\"ReadAction\",\"target\":[\"https:\\\/\\\/blog.howlanders.com\\\/pt-br\\\/acomodacoes-torres-del-paine\\\/\"]}]},{\"@type\":\"ImageObject\",\"inLanguage\":\"pt-BR\",\"@id\":\"https:\\\/\\\/blog.howlanders.com\\\/pt-br\\\/acomodacoes-torres-del-paine\\\/#primaryimage\",\"url\":\"https:\\\/\\\/i0.wp.com\\\/blog.howlanders.com\\\/wp-content\\\/uploads\\\/2025\\\/05\\\/generate-a-captivating-featured-image-for-a-blog-post-about.png?fit=1024%2C768&ssl=1\",\"contentUrl\":\"https:\\\/\\\/i0.wp.com\\\/blog.howlanders.com\\\/wp-content\\\/uploads\\\/2025\\\/05\\\/generate-a-captivating-featured-image-for-a-blog-post-about.png?fit=1024%2C768&ssl=1\",\"width\":1024,\"height\":768},{\"@type\":\"BreadcrumbList\",\"@id\":\"https:\\\/\\\/blog.howlanders.com\\\/pt-br\\\/acomodacoes-torres-del-paine\\\/#breadcrumb\",\"itemListElement\":[{\"@type\":\"ListItem\",\"position\":1,\"name\":\"Inicio\",\"item\":\"https:\\\/\\\/blog.howlanders.com\\\/pt-br\\\/\"},{\"@type\":\"ListItem\",\"position\":2,\"name\":\"Acomoda\u00e7\u00f5es em Torres del Paine\"}]},{\"@type\":\"WebSite\",\"@id\":\"https:\\\/\\\/blog.howlanders.com\\\/pt-br\\\/#website\",\"url\":\"https:\\\/\\\/blog.howlanders.com\\\/pt-br\\\/\",\"name\":\"Howlanders Blog\",\"description\":\"As melhores aventuras na natureza vividas e contadas por outros viajantes\",\"publisher\":{\"@id\":\"https:\\\/\\\/blog.howlanders.com\\\/pt-br\\\/#organization\"},\"potentialAction\":[{\"@type\":\"SearchAction\",\"target\":{\"@type\":\"EntryPoint\",\"urlTemplate\":\"https:\\\/\\\/blog.howlanders.com\\\/pt-br\\\/?s={search_term_string}\"},\"query-input\":{\"@type\":\"PropertyValueSpecification\",\"valueRequired\":true,\"valueName\":\"search_term_string\"}}],\"inLanguage\":\"pt-BR\"},{\"@type\":\"Organization\",\"@id\":\"https:\\\/\\\/blog.howlanders.com\\\/pt-br\\\/#organization\",\"name\":\"Howlanders\",\"url\":\"https:\\\/\\\/blog.howlanders.com\\\/pt-br\\\/\",\"logo\":{\"@type\":\"ImageObject\",\"inLanguage\":\"pt-BR\",\"@id\":\"https:\\\/\\\/blog.howlanders.com\\\/pt-br\\\/#\\\/schema\\\/logo\\\/image\\\/\",\"url\":\"https:\\\/\\\/i0.wp.com\\\/blog.howlanders.com\\\/wp-content\\\/uploads\\\/2021\\\/01\\\/logo-howlanders.png?fit=64%2C63&ssl=1\",\"contentUrl\":\"https:\\\/\\\/i0.wp.com\\\/blog.howlanders.com\\\/wp-content\\\/uploads\\\/2021\\\/01\\\/logo-howlanders.png?fit=64%2C63&ssl=1\",\"width\":64,\"height\":63,\"caption\":\"Howlanders\"},\"image\":{\"@id\":\"https:\\\/\\\/blog.howlanders.com\\\/pt-br\\\/#\\\/schema\\\/logo\\\/image\\\/\"},\"sameAs\":[\"https:\\\/\\\/www.facebook.com\\\/howlanders\",\"https:\\\/\\\/x.com\\\/howlanders\"]}]}<\/script>\n<!-- \/ Yoast SEO plugin. -->","yoast_head_json":{"title":"Acomoda\u00e7\u00f5es em Torres del Paine","description":"Descubra as op\u00e7\u00f5es de acomoda\u00e7\u00e3o em Torres del Paine: ref\u00fagios confort\u00e1veis, campings tradicionais e glamping.","robots":{"index":"index","follow":"follow","max-snippet":"max-snippet:-1","max-image-preview":"max-image-preview:large","max-video-preview":"max-video-preview:-1"},"canonical":"https:\/\/blog.howlanders.com\/pt-br\/acomodacoes-torres-del-paine\/","og_locale":"pt_BR","og_type":"article","og_title":"Acomoda\u00e7\u00f5es em Torres del Paine","og_description":"Descubra as op\u00e7\u00f5es de acomoda\u00e7\u00e3o em Torres del Paine: ref\u00fagios confort\u00e1veis, campings tradicionais e glamping.","og_url":"https:\/\/blog.howlanders.com\/pt-br\/acomodacoes-torres-del-paine\/","og_site_name":"Howlanders Blog","article_publisher":"https:\/\/www.facebook.com\/howlanders","article_modified_time":"2025-11-28T15:27:38+00:00","og_image":[{"width":1024,"height":768,"url":"https:\/\/blog.howlanders.com\/wp-content\/uploads\/2025\/05\/generate-a-captivating-featured-image-for-a-blog-post-about.png","type":"image\/png"}],"twitter_card":"summary_large_image","twitter_site":"@howlanders","twitter_misc":{"Est. tempo de leitura":"5 minutos"},"schema":{"@context":"https:\/\/schema.org","@graph":[{"@type":"WebPage","@id":"https:\/\/blog.howlanders.com\/pt-br\/acomodacoes-torres-del-paine\/","url":"https:\/\/blog.howlanders.com\/pt-br\/acomodacoes-torres-del-paine\/","name":"Acomoda\u00e7\u00f5es em Torres del Paine","isPartOf":{"@id":"https:\/\/blog.howlanders.com\/pt-br\/#website"},"primaryImageOfPage":{"@id":"https:\/\/blog.howlanders.com\/pt-br\/acomodacoes-torres-del-paine\/#primaryimage"},"image":{"@id":"https:\/\/blog.howlanders.com\/pt-br\/acomodacoes-torres-del-paine\/#primaryimage"},"thumbnailUrl":"https:\/\/i0.wp.com\/blog.howlanders.com\/wp-content\/uploads\/2025\/05\/generate-a-captivating-featured-image-for-a-blog-post-about.png?fit=1024%2C768&ssl=1","datePublished":"2025-05-13T12:00:00+00:00","dateModified":"2025-11-28T15:27:38+00:00","description":"Descubra as op\u00e7\u00f5es de acomoda\u00e7\u00e3o em Torres del Paine: ref\u00fagios confort\u00e1veis, campings tradicionais e glamping.","breadcrumb":{"@id":"https:\/\/blog.howlanders.com\/pt-br\/acomodacoes-torres-del-paine\/#breadcrumb"},"inLanguage":"pt-BR","potentialAction":[{"@type":"ReadAction","target":["https:\/\/blog.howlanders.com\/pt-br\/acomodacoes-torres-del-paine\/"]}]},{"@type":"ImageObject","inLanguage":"pt-BR","@id":"https:\/\/blog.howlanders.com\/pt-br\/acomodacoes-torres-del-paine\/#primaryimage","url":"https:\/\/i0.wp.com\/blog.howlanders.com\/wp-content\/uploads\/2025\/05\/generate-a-captivating-featured-image-for-a-blog-post-about.png?fit=1024%2C768&ssl=1","contentUrl":"https:\/\/i0.wp.com\/blog.howlanders.com\/wp-content\/uploads\/2025\/05\/generate-a-captivating-featured-image-for-a-blog-post-about.png?fit=1024%2C768&ssl=1","width":1024,"height":768},{"@type":"BreadcrumbList","@id":"https:\/\/blog.howlanders.com\/pt-br\/acomodacoes-torres-del-paine\/#breadcrumb","itemListElement":[{"@type":"ListItem","position":1,"name":"Inicio","item":"https:\/\/blog.howlanders.com\/pt-br\/"},{"@type":"ListItem","position":2,"name":"Acomoda\u00e7\u00f5es em Torres del Paine"}]},{"@type":"WebSite","@id":"https:\/\/blog.howlanders.com\/pt-br\/#website","url":"https:\/\/blog.howlanders.com\/pt-br\/","name":"Howlanders Blog","description":"As melhores aventuras na natureza vividas e contadas por outros viajantes","publisher":{"@id":"https:\/\/blog.howlanders.com\/pt-br\/#organization"},"potentialAction":[{"@type":"SearchAction","target":{"@type":"EntryPoint","urlTemplate":"https:\/\/blog.howlanders.com\/pt-br\/?s={search_term_string}"},"query-input":{"@type":"PropertyValueSpecification","valueRequired":true,"valueName":"search_term_string"}}],"inLanguage":"pt-BR"},{"@type":"Organization","@id":"https:\/\/blog.howlanders.com\/pt-br\/#organization","name":"Howlanders","url":"https:\/\/blog.howlanders.com\/pt-br\/","logo":{"@type":"ImageObject","inLanguage":"pt-BR","@id":"https:\/\/blog.howlanders.com\/pt-br\/#\/schema\/logo\/image\/","url":"https:\/\/i0.wp.com\/blog.howlanders.com\/wp-content\/uploads\/2021\/01\/logo-howlanders.png?fit=64%2C63&ssl=1","contentUrl":"https:\/\/i0.wp.com\/blog.howlanders.com\/wp-content\/uploads\/2021\/01\/logo-howlanders.png?fit=64%2C63&ssl=1","width":64,"height":63,"caption":"Howlanders"},"image":{"@id":"https:\/\/blog.howlanders.com\/pt-br\/#\/schema\/logo\/image\/"},"sameAs":["https:\/\/www.facebook.com\/howlanders","https:\/\/x.com\/howlanders"]}]}},"jetpack_shortlink":"https:\/\/wp.me\/PfY61W-9zF","jetpack_sharing_enabled":true,"_links":{"self":[{"href":"https:\/\/blog.howlanders.com\/pt-br\/wp-json\/wp\/v2\/pages\/36807","targetHints":{"allow":["GET"]}}],"collection":[{"href":"https:\/\/blog.howlanders.com\/pt-br\/wp-json\/wp\/v2\/pages"}],"about":[{"href":"https:\/\/blog.howlanders.com\/pt-br\/wp-json\/wp\/v2\/types\/page"}],"author":[{"embeddable":true,"href":"https:\/\/blog.howlanders.com\/pt-br\/wp-json\/wp\/v2\/users\/22"}],"replies":[{"embeddable":true,"href":"https:\/\/blog.howlanders.com\/pt-br\/wp-json\/wp\/v2\/comments?post=36807"}],"version-history":[{"count":13,"href":"https:\/\/blog.howlanders.com\/pt-br\/wp-json\/wp\/v2\/pages\/36807\/revisions"}],"predecessor-version":[{"id":40496,"href":"https:\/\/blog.howlanders.com\/pt-br\/wp-json\/wp\/v2\/pages\/36807\/revisions\/40496"}],"wp:featuredmedia":[{"embeddable":true,"href":"https:\/\/blog.howlanders.com\/pt-br\/wp-json\/wp\/v2\/media\/36780"}],"wp:attachment":[{"href":"https:\/\/blog.howlanders.com\/pt-br\/wp-json\/wp\/v2\/media?parent=36807"}],"curies":[{"name":"wp","href":"https:\/\/api.w.org\/{rel}","templated":true}]}}